{"id":1514,"date":"2025-01-27T16:40:41","date_gmt":"2025-01-27T16:40:41","guid":{"rendered":"https:\/\/maquinariasmga.cl\/?post_type=product&#038;p=1514"},"modified":"2025-05-19T16:05:27","modified_gmt":"2025-05-19T16:05:27","slug":"boomer-t1","status":"publish","type":"product","link":"https:\/\/maquinariasmga.cl\/en\/product\/boomer-t1\/","title":{"rendered":"Boomer T1"},"content":{"rendered":"<p>Boomer T1 es un equipo de perforaci\u00f3n frontal de un solo brazo para galer\u00edas y t\u00faneles estrechos con secciones transversales de hasta 23 m2. El carrier tiene una elevada altura libre sobre el suelo, as\u00ed como frenos SAHR. Para obtener la m\u00e1xima durabilidad, el equipo incorpora una robusta deslizadera de aluminio con alta resistencia a la flexi\u00f3n y la torsi\u00f3n. En el equipo se puede instalar una variedad de martillos COP para satisfacer sus necesidades. Para aumentar a\u00fan m\u00e1s la versatilidad, el Boomer T1 se puede equipar para la perforaci\u00f3n de barrenos largos.<\/p>","protected":false},"excerpt":{"rendered":"<p>Boomer T1 es un equipo de perforaci\u00f3n frontal de un solo brazo para galer\u00edas y t\u00faneles estrechos con secciones transversales de hasta 23 m2. El carrier tiene una elevada altura libre sobre el suelo, as\u00ed como frenos SAHR. Para obtener la m\u00e1xima durabilidad, el equipo incorpora una robusta deslizadera de aluminio con alta resistencia a la flexi\u00f3n y la torsi\u00f3n. En el equipo se puede instalar una variedad de martillos COP para satisfacer sus necesidades. Para aumentar a\u00fan m\u00e1s la versatilidad, el Boomer T1 se puede equipar para la perforaci\u00f3n de barrenos largos.<\/p>","protected":false},"featured_media":1515,"template":"","meta":[],"product_brand":[],"product_cat":[28],"product_tag":[],"class_list":{"0":"post-1514","1":"product","2":"type-product","3":"status-publish","4":"has-post-thumbnail","6":"product_cat-sin-categoria","8":"first","9":"instock","10":"shipping-taxable","11":"product-type-simple"},"yoast_head":"<!-- This site is optimized with the Yoast SEO plugin v27.4 - https:\/\/yoast.com\/product\/yoast-seo-wordpress\/ -->\n<title>Boomer T1 - Maquinarias MGA<\/title>\n<meta name=\"robots\" content=\"index, follow, max-snippet:-1, max-image-preview:large, max-video-preview:-1\" \/>\n<link rel=\"canonical\" href=\"https:\/\/maquinariasmga.cl\/en\/product\/boomer-t1\/\" \/>\n<meta property=\"og:locale\" content=\"en_US\" \/>\n<meta property=\"og:type\" content=\"article\" \/>\n<meta property=\"og:title\" content=\"Boomer T1 - Maquinarias MGA\" \/>\n<meta property=\"og:description\" content=\"Boomer T1 es un equipo de perforaci\u00f3n frontal de un solo brazo para galer\u00edas y t\u00faneles estrechos con secciones transversales de hasta 23 m2. El carrier tiene una elevada altura libre sobre el suelo, as\u00ed como frenos SAHR. Para obtener la m\u00e1xima durabilidad, el equipo incorpora una robusta deslizadera de aluminio con alta resistencia a la flexi\u00f3n y la torsi\u00f3n. En el equipo se puede instalar una variedad de martillos COP para satisfacer sus necesidades. Para aumentar a\u00fan m\u00e1s la versatilidad, el Boomer T1 se puede equipar para la perforaci\u00f3n de barrenos largos.\" \/>\n<meta property=\"og:url\" content=\"https:\/\/maquinariasmga.cl\/en\/product\/boomer-t1\/\" \/>\n<meta property=\"og:site_name\" content=\"Maquinarias MGA\" \/>\n<meta property=\"article:modified_time\" content=\"2025-05-19T16:05:27+00:00\" \/>\n<meta property=\"og:image\" content=\"https:\/\/maquinariasmga.cl\/wp-content\/uploads\/2025\/01\/BoomerT1_1-cuadrado.jpg\" \/>\n\t<meta property=\"og:image:width\" content=\"1067\" \/>\n\t<meta property=\"og:image:height\" content=\"1067\" \/>\n\t<meta property=\"og:image:type\" content=\"image\/jpeg\" \/>\n<meta name=\"twitter:card\" content=\"summary_large_image\" \/>\n<meta name=\"twitter:label1\" content=\"Est. reading time\" \/>\n\t<meta name=\"twitter:data1\" content=\"1 minute\" \/>\n<script type=\"application\/ld+json\" class=\"yoast-schema-graph\">{\"@context\":\"https:\\\/\\\/schema.org\",\"@graph\":[{\"@type\":\"WebPage\",\"@id\":\"https:\\\/\\\/maquinariasmga.cl\\\/producto\\\/boomer-t1\\\/\",\"url\":\"https:\\\/\\\/maquinariasmga.cl\\\/producto\\\/boomer-t1\\\/\",\"name\":\"Boomer T1 - Maquinarias MGA\",\"isPartOf\":{\"@id\":\"https:\\\/\\\/maquinariasmga.cl\\\/#website\"},\"primaryImageOfPage\":{\"@id\":\"https:\\\/\\\/maquinariasmga.cl\\\/producto\\\/boomer-t1\\\/#primaryimage\"},\"image\":{\"@id\":\"https:\\\/\\\/maquinariasmga.cl\\\/producto\\\/boomer-t1\\\/#primaryimage\"},\"thumbnailUrl\":\"https:\\\/\\\/maquinariasmga.cl\\\/wp-content\\\/uploads\\\/2025\\\/01\\\/BoomerT1_1-cuadrado.jpg\",\"datePublished\":\"2025-01-27T16:40:41+00:00\",\"dateModified\":\"2025-05-19T16:05:27+00:00\",\"breadcrumb\":{\"@id\":\"https:\\\/\\\/maquinariasmga.cl\\\/producto\\\/boomer-t1\\\/#breadcrumb\"},\"inLanguage\":\"en-US\",\"potentialAction\":[{\"@type\":\"ReadAction\",\"target\":[\"https:\\\/\\\/maquinariasmga.cl\\\/producto\\\/boomer-t1\\\/\"]}]},{\"@type\":\"ImageObject\",\"inLanguage\":\"en-US\",\"@id\":\"https:\\\/\\\/maquinariasmga.cl\\\/producto\\\/boomer-t1\\\/#primaryimage\",\"url\":\"https:\\\/\\\/maquinariasmga.cl\\\/wp-content\\\/uploads\\\/2025\\\/01\\\/BoomerT1_1-cuadrado.jpg\",\"contentUrl\":\"https:\\\/\\\/maquinariasmga.cl\\\/wp-content\\\/uploads\\\/2025\\\/01\\\/BoomerT1_1-cuadrado.jpg\",\"width\":1067,\"height\":1067},{\"@type\":\"BreadcrumbList\",\"@id\":\"https:\\\/\\\/maquinariasmga.cl\\\/producto\\\/boomer-t1\\\/#breadcrumb\",\"itemListElement\":[{\"@type\":\"ListItem\",\"position\":1,\"name\":\"Home\",\"item\":\"https:\\\/\\\/maquinariasmga.cl\\\/\"},{\"@type\":\"ListItem\",\"position\":2,\"name\":\"Tienda\",\"item\":\"https:\\\/\\\/maquinariasmga.cl\\\/?page_id=1368\"},{\"@type\":\"ListItem\",\"position\":3,\"name\":\"Boomer T1\"}]},{\"@type\":\"WebSite\",\"@id\":\"https:\\\/\\\/maquinariasmga.cl\\\/#website\",\"url\":\"https:\\\/\\\/maquinariasmga.cl\\\/\",\"name\":\"Maquinarias MGA\",\"description\":\"L\u00edder en Rental de Equipos de Perforaci\u00f3n Subterr\u00e1nea\",\"publisher\":{\"@id\":\"https:\\\/\\\/maquinariasmga.cl\\\/#organization\"},\"alternateName\":\"Maquinarias y Equipos MGA\",\"potentialAction\":[{\"@type\":\"SearchAction\",\"target\":{\"@type\":\"EntryPoint\",\"urlTemplate\":\"https:\\\/\\\/maquinariasmga.cl\\\/?s={search_term_string}\"},\"query-input\":{\"@type\":\"PropertyValueSpecification\",\"valueRequired\":true,\"valueName\":\"search_term_string\"}}],\"inLanguage\":\"en-US\"},{\"@type\":\"Organization\",\"@id\":\"https:\\\/\\\/maquinariasmga.cl\\\/#organization\",\"name\":\"Maquinarias MGA\",\"alternateName\":\"Maquinarias y Equipos MGA\",\"url\":\"https:\\\/\\\/maquinariasmga.cl\\\/\",\"logo\":{\"@type\":\"ImageObject\",\"inLanguage\":\"en-US\",\"@id\":\"https:\\\/\\\/maquinariasmga.cl\\\/#\\\/schema\\\/logo\\\/image\\\/\",\"url\":\"https:\\\/\\\/maquinariasmga.cl\\\/wp-content\\\/uploads\\\/2023\\\/12\\\/LOGO-MGA-TRANSPARENTE.png\",\"contentUrl\":\"https:\\\/\\\/maquinariasmga.cl\\\/wp-content\\\/uploads\\\/2023\\\/12\\\/LOGO-MGA-TRANSPARENTE.png\",\"width\":1080,\"height\":1080,\"caption\":\"Maquinarias MGA\"},\"image\":{\"@id\":\"https:\\\/\\\/maquinariasmga.cl\\\/#\\\/schema\\\/logo\\\/image\\\/\"}}]}<\/script>\n<!-- \/ Yoast SEO plugin. -->","yoast_head_json":{"title":"Boomer T1 - Maquinarias MGA","robots":{"index":"index","follow":"follow","max-snippet":"max-snippet:-1","max-image-preview":"max-image-preview:large","max-video-preview":"max-video-preview:-1"},"canonical":"https:\/\/maquinariasmga.cl\/en\/product\/boomer-t1\/","og_locale":"en_US","og_type":"article","og_title":"Boomer T1 - Maquinarias MGA","og_description":"Boomer T1 es un equipo de perforaci\u00f3n frontal de un solo brazo para galer\u00edas y t\u00faneles estrechos con secciones transversales de hasta 23 m2. El carrier tiene una elevada altura libre sobre el suelo, as\u00ed como frenos SAHR. Para obtener la m\u00e1xima durabilidad, el equipo incorpora una robusta deslizadera de aluminio con alta resistencia a la flexi\u00f3n y la torsi\u00f3n. En el equipo se puede instalar una variedad de martillos COP para satisfacer sus necesidades. Para aumentar a\u00fan m\u00e1s la versatilidad, el Boomer T1 se puede equipar para la perforaci\u00f3n de barrenos largos.","og_url":"https:\/\/maquinariasmga.cl\/en\/product\/boomer-t1\/","og_site_name":"Maquinarias MGA","article_modified_time":"2025-05-19T16:05:27+00:00","og_image":[{"width":1067,"height":1067,"url":"https:\/\/maquinariasmga.cl\/wp-content\/uploads\/2025\/01\/BoomerT1_1-cuadrado.jpg","type":"image\/jpeg"}],"twitter_card":"summary_large_image","twitter_misc":{"Est. reading time":"1 minute"},"schema":{"@context":"https:\/\/schema.org","@graph":[{"@type":"WebPage","@id":"https:\/\/maquinariasmga.cl\/producto\/boomer-t1\/","url":"https:\/\/maquinariasmga.cl\/producto\/boomer-t1\/","name":"Boomer T1 - Maquinarias MGA","isPartOf":{"@id":"https:\/\/maquinariasmga.cl\/#website"},"primaryImageOfPage":{"@id":"https:\/\/maquinariasmga.cl\/producto\/boomer-t1\/#primaryimage"},"image":{"@id":"https:\/\/maquinariasmga.cl\/producto\/boomer-t1\/#primaryimage"},"thumbnailUrl":"https:\/\/maquinariasmga.cl\/wp-content\/uploads\/2025\/01\/BoomerT1_1-cuadrado.jpg","datePublished":"2025-01-27T16:40:41+00:00","dateModified":"2025-05-19T16:05:27+00:00","breadcrumb":{"@id":"https:\/\/maquinariasmga.cl\/producto\/boomer-t1\/#breadcrumb"},"inLanguage":"en-US","potentialAction":[{"@type":"ReadAction","target":["https:\/\/maquinariasmga.cl\/producto\/boomer-t1\/"]}]},{"@type":"ImageObject","inLanguage":"en-US","@id":"https:\/\/maquinariasmga.cl\/producto\/boomer-t1\/#primaryimage","url":"https:\/\/maquinariasmga.cl\/wp-content\/uploads\/2025\/01\/BoomerT1_1-cuadrado.jpg","contentUrl":"https:\/\/maquinariasmga.cl\/wp-content\/uploads\/2025\/01\/BoomerT1_1-cuadrado.jpg","width":1067,"height":1067},{"@type":"BreadcrumbList","@id":"https:\/\/maquinariasmga.cl\/producto\/boomer-t1\/#breadcrumb","itemListElement":[{"@type":"ListItem","position":1,"name":"Home","item":"https:\/\/maquinariasmga.cl\/"},{"@type":"ListItem","position":2,"name":"Tienda","item":"https:\/\/maquinariasmga.cl\/?page_id=1368"},{"@type":"ListItem","position":3,"name":"Boomer T1"}]},{"@type":"WebSite","@id":"https:\/\/maquinariasmga.cl\/#website","url":"https:\/\/maquinariasmga.cl\/","name":"Maquinarias MGA","description":"L\u00edder en Rental de Equipos de Perforaci\u00f3n Subterr\u00e1nea","publisher":{"@id":"https:\/\/maquinariasmga.cl\/#organization"},"alternateName":"Maquinarias y Equipos MGA","potentialAction":[{"@type":"SearchAction","target":{"@type":"EntryPoint","urlTemplate":"https:\/\/maquinariasmga.cl\/?s={search_term_string}"},"query-input":{"@type":"PropertyValueSpecification","valueRequired":true,"valueName":"search_term_string"}}],"inLanguage":"en-US"},{"@type":"Organization","@id":"https:\/\/maquinariasmga.cl\/#organization","name":"Maquinarias MGA","alternateName":"Maquinarias y Equipos MGA","url":"https:\/\/maquinariasmga.cl\/","logo":{"@type":"ImageObject","inLanguage":"en-US","@id":"https:\/\/maquinariasmga.cl\/#\/schema\/logo\/image\/","url":"https:\/\/maquinariasmga.cl\/wp-content\/uploads\/2023\/12\/LOGO-MGA-TRANSPARENTE.png","contentUrl":"https:\/\/maquinariasmga.cl\/wp-content\/uploads\/2023\/12\/LOGO-MGA-TRANSPARENTE.png","width":1080,"height":1080,"caption":"Maquinarias MGA"},"image":{"@id":"https:\/\/maquinariasmga.cl\/#\/schema\/logo\/image\/"}}]}},"_links":{"self":[{"href":"https:\/\/maquinariasmga.cl\/en\/wp-json\/wp\/v2\/product\/1514","targetHints":{"allow":["GET"]}}],"collection":[{"href":"https:\/\/maquinariasmga.cl\/en\/wp-json\/wp\/v2\/product"}],"about":[{"href":"https:\/\/maquinariasmga.cl\/en\/wp-json\/wp\/v2\/types\/product"}],"version-history":[{"count":1,"href":"https:\/\/maquinariasmga.cl\/en\/wp-json\/wp\/v2\/product\/1514\/revisions"}],"predecessor-version":[{"id":1519,"href":"https:\/\/maquinariasmga.cl\/en\/wp-json\/wp\/v2\/product\/1514\/revisions\/1519"}],"wp:featuredmedia":[{"embeddable":true,"href":"https:\/\/maquinariasmga.cl\/en\/wp-json\/wp\/v2\/media\/1515"}],"wp:attachment":[{"href":"https:\/\/maquinariasmga.cl\/en\/wp-json\/wp\/v2\/media?parent=1514"}],"wp:term":[{"taxonomy":"product_brand","embeddable":true,"href":"https:\/\/maquinariasmga.cl\/en\/wp-json\/wp\/v2\/product_brand?post=1514"},{"taxonomy":"product_cat","embeddable":true,"href":"https:\/\/maquinariasmga.cl\/en\/wp-json\/wp\/v2\/product_cat?post=1514"},{"taxonomy":"product_tag","embeddable":true,"href":"https:\/\/maquinariasmga.cl\/en\/wp-json\/wp\/v2\/product_tag?post=1514"}],"curies":[{"name":"wp","href":"https:\/\/api.w.org\/{rel}","templated":true}]}}