{"id":1447,"date":"2025-01-27T13:50:37","date_gmt":"2025-01-27T13:50:37","guid":{"rendered":"https:\/\/maquinariasmga.cl\/?post_type=product&#038;p=1447"},"modified":"2025-05-19T16:40:27","modified_gmt":"2025-05-19T16:40:27","slug":"scooptram-lh410","status":"publish","type":"product","link":"https:\/\/maquinariasmga.cl\/en\/product\/scooptram-lh410\/","title":{"rendered":"Scooptram LH410"},"content":{"rendered":"<p>El cargador LH410 ofrece una alta productividad. Presenta una altura de elevaci\u00f3n superior en comparaci\u00f3n con cualquier otro cargador de la misma clase de tama\u00f1o. Est\u00e1 equipado con un control inteligente con opciones como control de tracci\u00f3n, asistencia de velocidad del operador, pesaje integrado sistema y compatibilidad con automine.<\/p>","protected":false},"excerpt":{"rendered":"<p>El cargador LH410 ofrece una alta productividad. Presenta una altura de elevaci\u00f3n superior en comparaci\u00f3n con cualquier otro cargador de la misma clase de tama\u00f1o. Est\u00e1 equipado con un control inteligente con opciones como control de tracci\u00f3n, asistencia de velocidad del operador, pesaje integrado sistema y compatibilidad con automine.<\/p>","protected":false},"featured_media":1448,"template":"","meta":[],"product_brand":[],"product_cat":[28],"product_tag":[],"class_list":{"0":"post-1447","1":"product","2":"type-product","3":"status-publish","4":"has-post-thumbnail","6":"product_cat-sin-categoria","8":"first","9":"instock","10":"shipping-taxable","11":"product-type-simple"},"yoast_head":"<!-- This site is optimized with the Yoast SEO plugin v27.4 - https:\/\/yoast.com\/product\/yoast-seo-wordpress\/ -->\n<title>Scooptram LH410 - Maquinarias MGA<\/title>\n<meta name=\"robots\" content=\"index, follow, max-snippet:-1, max-image-preview:large, max-video-preview:-1\" \/>\n<link rel=\"canonical\" href=\"https:\/\/maquinariasmga.cl\/en\/product\/scooptram-lh410\/\" \/>\n<meta property=\"og:locale\" content=\"en_US\" \/>\n<meta property=\"og:type\" content=\"article\" \/>\n<meta property=\"og:title\" content=\"Scooptram LH410 - Maquinarias MGA\" \/>\n<meta property=\"og:description\" content=\"El cargador LH410 ofrece una alta productividad. Presenta una altura de elevaci\u00f3n superior en comparaci\u00f3n con cualquier otro cargador de la misma clase de tama\u00f1o. Est\u00e1 equipado con un control inteligente con opciones como control de tracci\u00f3n, asistencia de velocidad del operador, pesaje integrado sistema y compatibilidad con automine.\" \/>\n<meta property=\"og:url\" content=\"https:\/\/maquinariasmga.cl\/en\/product\/scooptram-lh410\/\" \/>\n<meta property=\"og:site_name\" content=\"Maquinarias MGA\" \/>\n<meta property=\"article:modified_time\" content=\"2025-05-19T16:40:27+00:00\" \/>\n<meta property=\"og:image\" content=\"https:\/\/maquinariasmga.cl\/wp-content\/uploads\/2025\/01\/LH410_1.jpg\" \/>\n\t<meta property=\"og:image:width\" content=\"618\" \/>\n\t<meta property=\"og:image:height\" content=\"618\" \/>\n\t<meta property=\"og:image:type\" content=\"image\/jpeg\" \/>\n<meta name=\"twitter:card\" content=\"summary_large_image\" \/>\n<meta name=\"twitter:label1\" content=\"Est. reading time\" \/>\n\t<meta name=\"twitter:data1\" content=\"1 minute\" \/>\n<script type=\"application\/ld+json\" class=\"yoast-schema-graph\">{\"@context\":\"https:\\\/\\\/schema.org\",\"@graph\":[{\"@type\":\"WebPage\",\"@id\":\"https:\\\/\\\/maquinariasmga.cl\\\/producto\\\/scooptram-lh410\\\/\",\"url\":\"https:\\\/\\\/maquinariasmga.cl\\\/producto\\\/scooptram-lh410\\\/\",\"name\":\"Scooptram LH410 - Maquinarias MGA\",\"isPartOf\":{\"@id\":\"https:\\\/\\\/maquinariasmga.cl\\\/#website\"},\"primaryImageOfPage\":{\"@id\":\"https:\\\/\\\/maquinariasmga.cl\\\/producto\\\/scooptram-lh410\\\/#primaryimage\"},\"image\":{\"@id\":\"https:\\\/\\\/maquinariasmga.cl\\\/producto\\\/scooptram-lh410\\\/#primaryimage\"},\"thumbnailUrl\":\"https:\\\/\\\/maquinariasmga.cl\\\/wp-content\\\/uploads\\\/2025\\\/01\\\/LH410_1.jpg\",\"datePublished\":\"2025-01-27T13:50:37+00:00\",\"dateModified\":\"2025-05-19T16:40:27+00:00\",\"breadcrumb\":{\"@id\":\"https:\\\/\\\/maquinariasmga.cl\\\/producto\\\/scooptram-lh410\\\/#breadcrumb\"},\"inLanguage\":\"en-US\",\"potentialAction\":[{\"@type\":\"ReadAction\",\"target\":[\"https:\\\/\\\/maquinariasmga.cl\\\/producto\\\/scooptram-lh410\\\/\"]}]},{\"@type\":\"ImageObject\",\"inLanguage\":\"en-US\",\"@id\":\"https:\\\/\\\/maquinariasmga.cl\\\/producto\\\/scooptram-lh410\\\/#primaryimage\",\"url\":\"https:\\\/\\\/maquinariasmga.cl\\\/wp-content\\\/uploads\\\/2025\\\/01\\\/LH410_1.jpg\",\"contentUrl\":\"https:\\\/\\\/maquinariasmga.cl\\\/wp-content\\\/uploads\\\/2025\\\/01\\\/LH410_1.jpg\",\"width\":618,\"height\":618},{\"@type\":\"BreadcrumbList\",\"@id\":\"https:\\\/\\\/maquinariasmga.cl\\\/producto\\\/scooptram-lh410\\\/#breadcrumb\",\"itemListElement\":[{\"@type\":\"ListItem\",\"position\":1,\"name\":\"Home\",\"item\":\"https:\\\/\\\/maquinariasmga.cl\\\/\"},{\"@type\":\"ListItem\",\"position\":2,\"name\":\"Tienda\",\"item\":\"https:\\\/\\\/maquinariasmga.cl\\\/?page_id=1368\"},{\"@type\":\"ListItem\",\"position\":3,\"name\":\"Scooptram LH410\"}]},{\"@type\":\"WebSite\",\"@id\":\"https:\\\/\\\/maquinariasmga.cl\\\/#website\",\"url\":\"https:\\\/\\\/maquinariasmga.cl\\\/\",\"name\":\"Maquinarias MGA\",\"description\":\"L\u00edder en Rental de Equipos de Perforaci\u00f3n Subterr\u00e1nea\",\"publisher\":{\"@id\":\"https:\\\/\\\/maquinariasmga.cl\\\/#organization\"},\"alternateName\":\"Maquinarias y Equipos MGA\",\"potentialAction\":[{\"@type\":\"SearchAction\",\"target\":{\"@type\":\"EntryPoint\",\"urlTemplate\":\"https:\\\/\\\/maquinariasmga.cl\\\/?s={search_term_string}\"},\"query-input\":{\"@type\":\"PropertyValueSpecification\",\"valueRequired\":true,\"valueName\":\"search_term_string\"}}],\"inLanguage\":\"en-US\"},{\"@type\":\"Organization\",\"@id\":\"https:\\\/\\\/maquinariasmga.cl\\\/#organization\",\"name\":\"Maquinarias MGA\",\"alternateName\":\"Maquinarias y Equipos MGA\",\"url\":\"https:\\\/\\\/maquinariasmga.cl\\\/\",\"logo\":{\"@type\":\"ImageObject\",\"inLanguage\":\"en-US\",\"@id\":\"https:\\\/\\\/maquinariasmga.cl\\\/#\\\/schema\\\/logo\\\/image\\\/\",\"url\":\"https:\\\/\\\/maquinariasmga.cl\\\/wp-content\\\/uploads\\\/2023\\\/12\\\/LOGO-MGA-TRANSPARENTE.png\",\"contentUrl\":\"https:\\\/\\\/maquinariasmga.cl\\\/wp-content\\\/uploads\\\/2023\\\/12\\\/LOGO-MGA-TRANSPARENTE.png\",\"width\":1080,\"height\":1080,\"caption\":\"Maquinarias MGA\"},\"image\":{\"@id\":\"https:\\\/\\\/maquinariasmga.cl\\\/#\\\/schema\\\/logo\\\/image\\\/\"}}]}<\/script>\n<!-- \/ Yoast SEO plugin. -->","yoast_head_json":{"title":"Scooptram LH410 - Maquinarias MGA","robots":{"index":"index","follow":"follow","max-snippet":"max-snippet:-1","max-image-preview":"max-image-preview:large","max-video-preview":"max-video-preview:-1"},"canonical":"https:\/\/maquinariasmga.cl\/en\/product\/scooptram-lh410\/","og_locale":"en_US","og_type":"article","og_title":"Scooptram LH410 - Maquinarias MGA","og_description":"El cargador LH410 ofrece una alta productividad. Presenta una altura de elevaci\u00f3n superior en comparaci\u00f3n con cualquier otro cargador de la misma clase de tama\u00f1o. Est\u00e1 equipado con un control inteligente con opciones como control de tracci\u00f3n, asistencia de velocidad del operador, pesaje integrado sistema y compatibilidad con automine.","og_url":"https:\/\/maquinariasmga.cl\/en\/product\/scooptram-lh410\/","og_site_name":"Maquinarias MGA","article_modified_time":"2025-05-19T16:40:27+00:00","og_image":[{"width":618,"height":618,"url":"https:\/\/maquinariasmga.cl\/wp-content\/uploads\/2025\/01\/LH410_1.jpg","type":"image\/jpeg"}],"twitter_card":"summary_large_image","twitter_misc":{"Est. reading time":"1 minute"},"schema":{"@context":"https:\/\/schema.org","@graph":[{"@type":"WebPage","@id":"https:\/\/maquinariasmga.cl\/producto\/scooptram-lh410\/","url":"https:\/\/maquinariasmga.cl\/producto\/scooptram-lh410\/","name":"Scooptram LH410 - Maquinarias MGA","isPartOf":{"@id":"https:\/\/maquinariasmga.cl\/#website"},"primaryImageOfPage":{"@id":"https:\/\/maquinariasmga.cl\/producto\/scooptram-lh410\/#primaryimage"},"image":{"@id":"https:\/\/maquinariasmga.cl\/producto\/scooptram-lh410\/#primaryimage"},"thumbnailUrl":"https:\/\/maquinariasmga.cl\/wp-content\/uploads\/2025\/01\/LH410_1.jpg","datePublished":"2025-01-27T13:50:37+00:00","dateModified":"2025-05-19T16:40:27+00:00","breadcrumb":{"@id":"https:\/\/maquinariasmga.cl\/producto\/scooptram-lh410\/#breadcrumb"},"inLanguage":"en-US","potentialAction":[{"@type":"ReadAction","target":["https:\/\/maquinariasmga.cl\/producto\/scooptram-lh410\/"]}]},{"@type":"ImageObject","inLanguage":"en-US","@id":"https:\/\/maquinariasmga.cl\/producto\/scooptram-lh410\/#primaryimage","url":"https:\/\/maquinariasmga.cl\/wp-content\/uploads\/2025\/01\/LH410_1.jpg","contentUrl":"https:\/\/maquinariasmga.cl\/wp-content\/uploads\/2025\/01\/LH410_1.jpg","width":618,"height":618},{"@type":"BreadcrumbList","@id":"https:\/\/maquinariasmga.cl\/producto\/scooptram-lh410\/#breadcrumb","itemListElement":[{"@type":"ListItem","position":1,"name":"Home","item":"https:\/\/maquinariasmga.cl\/"},{"@type":"ListItem","position":2,"name":"Tienda","item":"https:\/\/maquinariasmga.cl\/?page_id=1368"},{"@type":"ListItem","position":3,"name":"Scooptram LH410"}]},{"@type":"WebSite","@id":"https:\/\/maquinariasmga.cl\/#website","url":"https:\/\/maquinariasmga.cl\/","name":"Maquinarias MGA","description":"L\u00edder en Rental de Equipos de Perforaci\u00f3n Subterr\u00e1nea","publisher":{"@id":"https:\/\/maquinariasmga.cl\/#organization"},"alternateName":"Maquinarias y Equipos MGA","potentialAction":[{"@type":"SearchAction","target":{"@type":"EntryPoint","urlTemplate":"https:\/\/maquinariasmga.cl\/?s={search_term_string}"},"query-input":{"@type":"PropertyValueSpecification","valueRequired":true,"valueName":"search_term_string"}}],"inLanguage":"en-US"},{"@type":"Organization","@id":"https:\/\/maquinariasmga.cl\/#organization","name":"Maquinarias MGA","alternateName":"Maquinarias y Equipos MGA","url":"https:\/\/maquinariasmga.cl\/","logo":{"@type":"ImageObject","inLanguage":"en-US","@id":"https:\/\/maquinariasmga.cl\/#\/schema\/logo\/image\/","url":"https:\/\/maquinariasmga.cl\/wp-content\/uploads\/2023\/12\/LOGO-MGA-TRANSPARENTE.png","contentUrl":"https:\/\/maquinariasmga.cl\/wp-content\/uploads\/2023\/12\/LOGO-MGA-TRANSPARENTE.png","width":1080,"height":1080,"caption":"Maquinarias MGA"},"image":{"@id":"https:\/\/maquinariasmga.cl\/#\/schema\/logo\/image\/"}}]}},"_links":{"self":[{"href":"https:\/\/maquinariasmga.cl\/en\/wp-json\/wp\/v2\/product\/1447","targetHints":{"allow":["GET"]}}],"collection":[{"href":"https:\/\/maquinariasmga.cl\/en\/wp-json\/wp\/v2\/product"}],"about":[{"href":"https:\/\/maquinariasmga.cl\/en\/wp-json\/wp\/v2\/types\/product"}],"version-history":[{"count":2,"href":"https:\/\/maquinariasmga.cl\/en\/wp-json\/wp\/v2\/product\/1447\/revisions"}],"predecessor-version":[{"id":1631,"href":"https:\/\/maquinariasmga.cl\/en\/wp-json\/wp\/v2\/product\/1447\/revisions\/1631"}],"wp:featuredmedia":[{"embeddable":true,"href":"https:\/\/maquinariasmga.cl\/en\/wp-json\/wp\/v2\/media\/1448"}],"wp:attachment":[{"href":"https:\/\/maquinariasmga.cl\/en\/wp-json\/wp\/v2\/media?parent=1447"}],"wp:term":[{"taxonomy":"product_brand","embeddable":true,"href":"https:\/\/maquinariasmga.cl\/en\/wp-json\/wp\/v2\/product_brand?post=1447"},{"taxonomy":"product_cat","embeddable":true,"href":"https:\/\/maquinariasmga.cl\/en\/wp-json\/wp\/v2\/product_cat?post=1447"},{"taxonomy":"product_tag","embeddable":true,"href":"https:\/\/maquinariasmga.cl\/en\/wp-json\/wp\/v2\/product_tag?post=1447"}],"curies":[{"name":"wp","href":"https:\/\/api.w.org\/{rel}","templated":true}]}}