{"id":1441,"date":"2025-01-27T12:58:27","date_gmt":"2025-01-27T12:58:27","guid":{"rendered":"https:\/\/maquinariasmga.cl\/?post_type=product&#038;p=1441"},"modified":"2025-05-19T16:38:09","modified_gmt":"2025-05-19T16:38:09","slug":"scalemin_ht","status":"publish","type":"product","link":"https:\/\/maquinariasmga.cl\/en\/product\/scalemin_ht\/","title":{"rendered":"Scalemin HT"},"content":{"rendered":"<p>El Scalemin HT es un equipo amacizador \/ desatador de rocas di\u00e9sel hidr\u00e1ulico para la miner\u00eda subterranea, alcance m\u00e1ximo de 8.6 m de altura.<br \/>\nTiene un brazo telesc\u00f3pico, equipado con martillo SB 202T \/ SC 28 especial para aplicaci\u00f3n de Scaler, f\u00e1cil mantenimiento y partes durables.<br \/>\nNo requiere electricidad para su operaci\u00f3n. Chasis para trabajo pesado, articulado 4WD, auto propulsado con motor di\u00e9sel, con articulaci\u00f3n central y eje trasero oscilante.<br \/>\nCuenta tambi\u00e9n con cabina cerrada A\/C y certificada FOPS \/ ROPS.<\/p>","protected":false},"excerpt":{"rendered":"<p>Scalemin HT es un equipo amacizador \/ desatador de rocas di\u00e9sel hidr\u00e1ulico para la miner\u00eda subterranea, alcance m\u00e1ximo de 8.6 m de altura.<\/p>\n<p>Tiene un brazo telesc\u00f3pico, equipado con martillo SB 202T \/ SC 28 especial para aplicaci\u00f3n de Scaler, f\u00e1cil mantenimiento y partes durables.<\/p>\n<p>No requiere electricidad para su operaci\u00f3n. Chasis para trabajo pesado, articulado 4WD, auto propulsado con motor di\u00e9sel, con articulaci\u00f3n central y eje trasero oscilante.<\/p>\n<p>Cuenta tambi\u00e9n con cabina cerrada A\/C y certificada FOPS \/ ROPS.<\/p>","protected":false},"featured_media":1442,"template":"","meta":[],"product_brand":[],"product_cat":[28],"product_tag":[],"class_list":{"0":"post-1441","1":"product","2":"type-product","3":"status-publish","4":"has-post-thumbnail","6":"product_cat-sin-categoria","8":"first","9":"instock","10":"shipping-taxable","11":"product-type-simple"},"yoast_head":"<!-- This site is optimized with the Yoast SEO plugin v27.4 - https:\/\/yoast.com\/product\/yoast-seo-wordpress\/ -->\n<title>Scalemin HT - Maquinarias MGA<\/title>\n<meta name=\"robots\" content=\"index, follow, max-snippet:-1, max-image-preview:large, max-video-preview:-1\" \/>\n<link rel=\"canonical\" href=\"https:\/\/maquinariasmga.cl\/en\/product\/scalemin_ht\/\" \/>\n<meta property=\"og:locale\" content=\"en_US\" \/>\n<meta property=\"og:type\" content=\"article\" \/>\n<meta property=\"og:title\" content=\"Scalemin HT - Maquinarias MGA\" \/>\n<meta property=\"og:description\" content=\"Scalemin HT es un equipo amacizador \/ desatador de rocas di\u00e9sel hidr\u00e1ulico para la miner\u00eda subterranea, alcance m\u00e1ximo de 8.6 m de altura.  Tiene un brazo telesc\u00f3pico, equipado con martillo SB 202T \/ SC 28 especial para aplicaci\u00f3n de Scaler, f\u00e1cil mantenimiento y partes durables.  No requiere electricidad para su operaci\u00f3n. Chasis para trabajo pesado, articulado 4WD, auto propulsado con motor di\u00e9sel, con articulaci\u00f3n central y eje trasero oscilante.  Cuenta tambi\u00e9n con cabina cerrada A\/C y certificada FOPS \/ ROPS.\" \/>\n<meta property=\"og:url\" content=\"https:\/\/maquinariasmga.cl\/en\/product\/scalemin_ht\/\" \/>\n<meta property=\"og:site_name\" content=\"Maquinarias MGA\" \/>\n<meta property=\"article:modified_time\" content=\"2025-05-19T16:38:09+00:00\" \/>\n<meta property=\"og:image\" content=\"https:\/\/maquinariasmga.cl\/wp-content\/uploads\/2025\/01\/Scalemin-HT-cuadrada.jpg\" \/>\n\t<meta property=\"og:image:width\" content=\"594\" \/>\n\t<meta property=\"og:image:height\" content=\"594\" \/>\n\t<meta property=\"og:image:type\" content=\"image\/jpeg\" \/>\n<meta name=\"twitter:card\" content=\"summary_large_image\" \/>\n<meta name=\"twitter:label1\" content=\"Est. reading time\" \/>\n\t<meta name=\"twitter:data1\" content=\"1 minute\" \/>\n<script type=\"application\/ld+json\" class=\"yoast-schema-graph\">{\"@context\":\"https:\\\/\\\/schema.org\",\"@graph\":[{\"@type\":\"WebPage\",\"@id\":\"https:\\\/\\\/maquinariasmga.cl\\\/producto\\\/scalemin_ht\\\/\",\"url\":\"https:\\\/\\\/maquinariasmga.cl\\\/producto\\\/scalemin_ht\\\/\",\"name\":\"Scalemin HT - Maquinarias MGA\",\"isPartOf\":{\"@id\":\"https:\\\/\\\/maquinariasmga.cl\\\/#website\"},\"primaryImageOfPage\":{\"@id\":\"https:\\\/\\\/maquinariasmga.cl\\\/producto\\\/scalemin_ht\\\/#primaryimage\"},\"image\":{\"@id\":\"https:\\\/\\\/maquinariasmga.cl\\\/producto\\\/scalemin_ht\\\/#primaryimage\"},\"thumbnailUrl\":\"https:\\\/\\\/maquinariasmga.cl\\\/wp-content\\\/uploads\\\/2025\\\/01\\\/Scalemin-HT-cuadrada.jpg\",\"datePublished\":\"2025-01-27T12:58:27+00:00\",\"dateModified\":\"2025-05-19T16:38:09+00:00\",\"breadcrumb\":{\"@id\":\"https:\\\/\\\/maquinariasmga.cl\\\/producto\\\/scalemin_ht\\\/#breadcrumb\"},\"inLanguage\":\"en-US\",\"potentialAction\":[{\"@type\":\"ReadAction\",\"target\":[\"https:\\\/\\\/maquinariasmga.cl\\\/producto\\\/scalemin_ht\\\/\"]}]},{\"@type\":\"ImageObject\",\"inLanguage\":\"en-US\",\"@id\":\"https:\\\/\\\/maquinariasmga.cl\\\/producto\\\/scalemin_ht\\\/#primaryimage\",\"url\":\"https:\\\/\\\/maquinariasmga.cl\\\/wp-content\\\/uploads\\\/2025\\\/01\\\/Scalemin-HT-cuadrada.jpg\",\"contentUrl\":\"https:\\\/\\\/maquinariasmga.cl\\\/wp-content\\\/uploads\\\/2025\\\/01\\\/Scalemin-HT-cuadrada.jpg\",\"width\":594,\"height\":594},{\"@type\":\"BreadcrumbList\",\"@id\":\"https:\\\/\\\/maquinariasmga.cl\\\/producto\\\/scalemin_ht\\\/#breadcrumb\",\"itemListElement\":[{\"@type\":\"ListItem\",\"position\":1,\"name\":\"Home\",\"item\":\"https:\\\/\\\/maquinariasmga.cl\\\/\"},{\"@type\":\"ListItem\",\"position\":2,\"name\":\"Tienda\",\"item\":\"https:\\\/\\\/maquinariasmga.cl\\\/?page_id=1368\"},{\"@type\":\"ListItem\",\"position\":3,\"name\":\"Scalemin HT\"}]},{\"@type\":\"WebSite\",\"@id\":\"https:\\\/\\\/maquinariasmga.cl\\\/#website\",\"url\":\"https:\\\/\\\/maquinariasmga.cl\\\/\",\"name\":\"Maquinarias MGA\",\"description\":\"L\u00edder en Rental de Equipos de Perforaci\u00f3n Subterr\u00e1nea\",\"publisher\":{\"@id\":\"https:\\\/\\\/maquinariasmga.cl\\\/#organization\"},\"alternateName\":\"Maquinarias y Equipos MGA\",\"potentialAction\":[{\"@type\":\"SearchAction\",\"target\":{\"@type\":\"EntryPoint\",\"urlTemplate\":\"https:\\\/\\\/maquinariasmga.cl\\\/?s={search_term_string}\"},\"query-input\":{\"@type\":\"PropertyValueSpecification\",\"valueRequired\":true,\"valueName\":\"search_term_string\"}}],\"inLanguage\":\"en-US\"},{\"@type\":\"Organization\",\"@id\":\"https:\\\/\\\/maquinariasmga.cl\\\/#organization\",\"name\":\"Maquinarias MGA\",\"alternateName\":\"Maquinarias y Equipos MGA\",\"url\":\"https:\\\/\\\/maquinariasmga.cl\\\/\",\"logo\":{\"@type\":\"ImageObject\",\"inLanguage\":\"en-US\",\"@id\":\"https:\\\/\\\/maquinariasmga.cl\\\/#\\\/schema\\\/logo\\\/image\\\/\",\"url\":\"https:\\\/\\\/maquinariasmga.cl\\\/wp-content\\\/uploads\\\/2023\\\/12\\\/LOGO-MGA-TRANSPARENTE.png\",\"contentUrl\":\"https:\\\/\\\/maquinariasmga.cl\\\/wp-content\\\/uploads\\\/2023\\\/12\\\/LOGO-MGA-TRANSPARENTE.png\",\"width\":1080,\"height\":1080,\"caption\":\"Maquinarias MGA\"},\"image\":{\"@id\":\"https:\\\/\\\/maquinariasmga.cl\\\/#\\\/schema\\\/logo\\\/image\\\/\"}}]}<\/script>\n<!-- \/ Yoast SEO plugin. -->","yoast_head_json":{"title":"Scalemin HT - Maquinarias MGA","robots":{"index":"index","follow":"follow","max-snippet":"max-snippet:-1","max-image-preview":"max-image-preview:large","max-video-preview":"max-video-preview:-1"},"canonical":"https:\/\/maquinariasmga.cl\/en\/product\/scalemin_ht\/","og_locale":"en_US","og_type":"article","og_title":"Scalemin HT - Maquinarias MGA","og_description":"Scalemin HT es un equipo amacizador \/ desatador de rocas di\u00e9sel hidr\u00e1ulico para la miner\u00eda subterranea, alcance m\u00e1ximo de 8.6 m de altura.  Tiene un brazo telesc\u00f3pico, equipado con martillo SB 202T \/ SC 28 especial para aplicaci\u00f3n de Scaler, f\u00e1cil mantenimiento y partes durables.  No requiere electricidad para su operaci\u00f3n. Chasis para trabajo pesado, articulado 4WD, auto propulsado con motor di\u00e9sel, con articulaci\u00f3n central y eje trasero oscilante.  Cuenta tambi\u00e9n con cabina cerrada A\/C y certificada FOPS \/ ROPS.","og_url":"https:\/\/maquinariasmga.cl\/en\/product\/scalemin_ht\/","og_site_name":"Maquinarias MGA","article_modified_time":"2025-05-19T16:38:09+00:00","og_image":[{"width":594,"height":594,"url":"https:\/\/maquinariasmga.cl\/wp-content\/uploads\/2025\/01\/Scalemin-HT-cuadrada.jpg","type":"image\/jpeg"}],"twitter_card":"summary_large_image","twitter_misc":{"Est. reading time":"1 minute"},"schema":{"@context":"https:\/\/schema.org","@graph":[{"@type":"WebPage","@id":"https:\/\/maquinariasmga.cl\/producto\/scalemin_ht\/","url":"https:\/\/maquinariasmga.cl\/producto\/scalemin_ht\/","name":"Scalemin HT - Maquinarias MGA","isPartOf":{"@id":"https:\/\/maquinariasmga.cl\/#website"},"primaryImageOfPage":{"@id":"https:\/\/maquinariasmga.cl\/producto\/scalemin_ht\/#primaryimage"},"image":{"@id":"https:\/\/maquinariasmga.cl\/producto\/scalemin_ht\/#primaryimage"},"thumbnailUrl":"https:\/\/maquinariasmga.cl\/wp-content\/uploads\/2025\/01\/Scalemin-HT-cuadrada.jpg","datePublished":"2025-01-27T12:58:27+00:00","dateModified":"2025-05-19T16:38:09+00:00","breadcrumb":{"@id":"https:\/\/maquinariasmga.cl\/producto\/scalemin_ht\/#breadcrumb"},"inLanguage":"en-US","potentialAction":[{"@type":"ReadAction","target":["https:\/\/maquinariasmga.cl\/producto\/scalemin_ht\/"]}]},{"@type":"ImageObject","inLanguage":"en-US","@id":"https:\/\/maquinariasmga.cl\/producto\/scalemin_ht\/#primaryimage","url":"https:\/\/maquinariasmga.cl\/wp-content\/uploads\/2025\/01\/Scalemin-HT-cuadrada.jpg","contentUrl":"https:\/\/maquinariasmga.cl\/wp-content\/uploads\/2025\/01\/Scalemin-HT-cuadrada.jpg","width":594,"height":594},{"@type":"BreadcrumbList","@id":"https:\/\/maquinariasmga.cl\/producto\/scalemin_ht\/#breadcrumb","itemListElement":[{"@type":"ListItem","position":1,"name":"Home","item":"https:\/\/maquinariasmga.cl\/"},{"@type":"ListItem","position":2,"name":"Tienda","item":"https:\/\/maquinariasmga.cl\/?page_id=1368"},{"@type":"ListItem","position":3,"name":"Scalemin HT"}]},{"@type":"WebSite","@id":"https:\/\/maquinariasmga.cl\/#website","url":"https:\/\/maquinariasmga.cl\/","name":"Maquinarias MGA","description":"L\u00edder en Rental de Equipos de Perforaci\u00f3n Subterr\u00e1nea","publisher":{"@id":"https:\/\/maquinariasmga.cl\/#organization"},"alternateName":"Maquinarias y Equipos MGA","potentialAction":[{"@type":"SearchAction","target":{"@type":"EntryPoint","urlTemplate":"https:\/\/maquinariasmga.cl\/?s={search_term_string}"},"query-input":{"@type":"PropertyValueSpecification","valueRequired":true,"valueName":"search_term_string"}}],"inLanguage":"en-US"},{"@type":"Organization","@id":"https:\/\/maquinariasmga.cl\/#organization","name":"Maquinarias MGA","alternateName":"Maquinarias y Equipos MGA","url":"https:\/\/maquinariasmga.cl\/","logo":{"@type":"ImageObject","inLanguage":"en-US","@id":"https:\/\/maquinariasmga.cl\/#\/schema\/logo\/image\/","url":"https:\/\/maquinariasmga.cl\/wp-content\/uploads\/2023\/12\/LOGO-MGA-TRANSPARENTE.png","contentUrl":"https:\/\/maquinariasmga.cl\/wp-content\/uploads\/2023\/12\/LOGO-MGA-TRANSPARENTE.png","width":1080,"height":1080,"caption":"Maquinarias MGA"},"image":{"@id":"https:\/\/maquinariasmga.cl\/#\/schema\/logo\/image\/"}}]}},"_links":{"self":[{"href":"https:\/\/maquinariasmga.cl\/en\/wp-json\/wp\/v2\/product\/1441","targetHints":{"allow":["GET"]}}],"collection":[{"href":"https:\/\/maquinariasmga.cl\/en\/wp-json\/wp\/v2\/product"}],"about":[{"href":"https:\/\/maquinariasmga.cl\/en\/wp-json\/wp\/v2\/types\/product"}],"version-history":[{"count":1,"href":"https:\/\/maquinariasmga.cl\/en\/wp-json\/wp\/v2\/product\/1441\/revisions"}],"predecessor-version":[{"id":1629,"href":"https:\/\/maquinariasmga.cl\/en\/wp-json\/wp\/v2\/product\/1441\/revisions\/1629"}],"wp:featuredmedia":[{"embeddable":true,"href":"https:\/\/maquinariasmga.cl\/en\/wp-json\/wp\/v2\/media\/1442"}],"wp:attachment":[{"href":"https:\/\/maquinariasmga.cl\/en\/wp-json\/wp\/v2\/media?parent=1441"}],"wp:term":[{"taxonomy":"product_brand","embeddable":true,"href":"https:\/\/maquinariasmga.cl\/en\/wp-json\/wp\/v2\/product_brand?post=1441"},{"taxonomy":"product_cat","embeddable":true,"href":"https:\/\/maquinariasmga.cl\/en\/wp-json\/wp\/v2\/product_cat?post=1441"},{"taxonomy":"product_tag","embeddable":true,"href":"https:\/\/maquinariasmga.cl\/en\/wp-json\/wp\/v2\/product_tag?post=1441"}],"curies":[{"name":"wp","href":"https:\/\/api.w.org\/{rel}","templated":true}]}}