{"id":1423,"date":"2025-01-27T11:02:33","date_gmt":"2025-01-27T11:02:33","guid":{"rendered":"https:\/\/maquinariasmga.cl\/?post_type=product&#038;p=1423"},"modified":"2025-10-29T20:47:19","modified_gmt":"2025-10-29T20:47:19","slug":"st1030","status":"publish","type":"product","link":"https:\/\/maquinariasmga.cl\/en\/product\/st1030\/","title":{"rendered":"ST1030"},"content":{"rendered":"<p>El Scooptram ST1030 es un cargador subterr\u00e1neo confiable de 10 toneladas con un compartimiento del operador dise\u00f1ado ergon\u00f3micamente para una productividad incomparable en aplicaciones de miner\u00eda de tama\u00f1o mediano.<\/p>\n<ul>\n<li>Ha sido dise\u00f1ado con la seguridad en el foco, con muchas caracter\u00edsticas est\u00e1ndar para asegurar su operaci\u00f3n.<\/li>\n<li>Excelente confort gracias al entorno de trabajo de primera clase en cualquier entorno en la espaciosa cabina con aire acondicionado del Sooptram.<\/li>\n<\/ul>","protected":false},"excerpt":{"rendered":"<p>El Scooptram ST1030 es un cargador subterr\u00e1neo confiable de 10 toneladas con un compartimiento del operador dise\u00f1ado ergon\u00f3micamente para una productividad incomparable en aplicaciones de miner\u00eda de tama\u00f1o mediano. Ha sido dise\u00f1ado con la seguridad en el foco, con muchas caracter\u00edsticas est\u00e1ndar para asegurar su operaci\u00f3n. Excelente confort gracias al entorno de trabajo de primera [&hellip;]<\/p>\n","protected":false},"featured_media":1773,"template":"","meta":[],"product_brand":[],"product_cat":[28],"product_tag":[],"class_list":{"0":"post-1423","1":"product","2":"type-product","3":"status-publish","4":"has-post-thumbnail","6":"product_cat-sin-categoria","8":"first","9":"instock","10":"shipping-taxable","11":"product-type-simple"},"yoast_head":"<!-- This site is optimized with the Yoast SEO plugin v27.4 - https:\/\/yoast.com\/product\/yoast-seo-wordpress\/ -->\n<title>ST1030 - Maquinarias MGA<\/title>\n<meta name=\"robots\" content=\"index, follow, max-snippet:-1, max-image-preview:large, max-video-preview:-1\" \/>\n<link rel=\"canonical\" href=\"https:\/\/maquinariasmga.cl\/en\/product\/st1030\/\" \/>\n<meta property=\"og:locale\" content=\"en_US\" \/>\n<meta property=\"og:type\" content=\"article\" \/>\n<meta property=\"og:title\" content=\"ST1030 - Maquinarias MGA\" \/>\n<meta property=\"og:description\" content=\"El Scooptram ST1030 es un cargador subterr\u00e1neo confiable de 10 toneladas con un compartimiento del operador dise\u00f1ado ergon\u00f3micamente para una productividad incomparable en aplicaciones de miner\u00eda de tama\u00f1o mediano. Ha sido dise\u00f1ado con la seguridad en el foco, con muchas caracter\u00edsticas est\u00e1ndar para asegurar su operaci\u00f3n. Excelente confort gracias al entorno de trabajo de primera [&hellip;]\" \/>\n<meta property=\"og:url\" content=\"https:\/\/maquinariasmga.cl\/en\/product\/st1030\/\" \/>\n<meta property=\"og:site_name\" content=\"Maquinarias MGA\" \/>\n<meta property=\"article:modified_time\" content=\"2025-10-29T20:47:19+00:00\" \/>\n<meta property=\"og:image\" content=\"https:\/\/maquinariasmga.cl\/wp-content\/uploads\/2025\/01\/ST1030-CUADRADO.png\" \/>\n\t<meta property=\"og:image:width\" content=\"576\" \/>\n\t<meta property=\"og:image:height\" content=\"576\" \/>\n\t<meta property=\"og:image:type\" content=\"image\/png\" \/>\n<meta name=\"twitter:card\" content=\"summary_large_image\" \/>\n<meta name=\"twitter:label1\" content=\"Est. reading time\" \/>\n\t<meta name=\"twitter:data1\" content=\"1 minute\" \/>\n<script type=\"application\/ld+json\" class=\"yoast-schema-graph\">{\"@context\":\"https:\\\/\\\/schema.org\",\"@graph\":[{\"@type\":\"WebPage\",\"@id\":\"https:\\\/\\\/maquinariasmga.cl\\\/producto\\\/st1030\\\/\",\"url\":\"https:\\\/\\\/maquinariasmga.cl\\\/producto\\\/st1030\\\/\",\"name\":\"ST1030 - Maquinarias MGA\",\"isPartOf\":{\"@id\":\"https:\\\/\\\/maquinariasmga.cl\\\/#website\"},\"primaryImageOfPage\":{\"@id\":\"https:\\\/\\\/maquinariasmga.cl\\\/producto\\\/st1030\\\/#primaryimage\"},\"image\":{\"@id\":\"https:\\\/\\\/maquinariasmga.cl\\\/producto\\\/st1030\\\/#primaryimage\"},\"thumbnailUrl\":\"https:\\\/\\\/maquinariasmga.cl\\\/wp-content\\\/uploads\\\/2025\\\/01\\\/ST1030-CUADRADO.png\",\"datePublished\":\"2025-01-27T11:02:33+00:00\",\"dateModified\":\"2025-10-29T20:47:19+00:00\",\"breadcrumb\":{\"@id\":\"https:\\\/\\\/maquinariasmga.cl\\\/producto\\\/st1030\\\/#breadcrumb\"},\"inLanguage\":\"en-US\",\"potentialAction\":[{\"@type\":\"ReadAction\",\"target\":[\"https:\\\/\\\/maquinariasmga.cl\\\/producto\\\/st1030\\\/\"]}]},{\"@type\":\"ImageObject\",\"inLanguage\":\"en-US\",\"@id\":\"https:\\\/\\\/maquinariasmga.cl\\\/producto\\\/st1030\\\/#primaryimage\",\"url\":\"https:\\\/\\\/maquinariasmga.cl\\\/wp-content\\\/uploads\\\/2025\\\/01\\\/ST1030-CUADRADO.png\",\"contentUrl\":\"https:\\\/\\\/maquinariasmga.cl\\\/wp-content\\\/uploads\\\/2025\\\/01\\\/ST1030-CUADRADO.png\",\"width\":576,\"height\":576},{\"@type\":\"BreadcrumbList\",\"@id\":\"https:\\\/\\\/maquinariasmga.cl\\\/producto\\\/st1030\\\/#breadcrumb\",\"itemListElement\":[{\"@type\":\"ListItem\",\"position\":1,\"name\":\"Home\",\"item\":\"https:\\\/\\\/maquinariasmga.cl\\\/\"},{\"@type\":\"ListItem\",\"position\":2,\"name\":\"Tienda\",\"item\":\"https:\\\/\\\/maquinariasmga.cl\\\/?page_id=1368\"},{\"@type\":\"ListItem\",\"position\":3,\"name\":\"ST1030\"}]},{\"@type\":\"WebSite\",\"@id\":\"https:\\\/\\\/maquinariasmga.cl\\\/#website\",\"url\":\"https:\\\/\\\/maquinariasmga.cl\\\/\",\"name\":\"Maquinarias MGA\",\"description\":\"L\u00edder en Rental de Equipos de Perforaci\u00f3n Subterr\u00e1nea\",\"publisher\":{\"@id\":\"https:\\\/\\\/maquinariasmga.cl\\\/#organization\"},\"alternateName\":\"Maquinarias y Equipos MGA\",\"potentialAction\":[{\"@type\":\"SearchAction\",\"target\":{\"@type\":\"EntryPoint\",\"urlTemplate\":\"https:\\\/\\\/maquinariasmga.cl\\\/?s={search_term_string}\"},\"query-input\":{\"@type\":\"PropertyValueSpecification\",\"valueRequired\":true,\"valueName\":\"search_term_string\"}}],\"inLanguage\":\"en-US\"},{\"@type\":\"Organization\",\"@id\":\"https:\\\/\\\/maquinariasmga.cl\\\/#organization\",\"name\":\"Maquinarias MGA\",\"alternateName\":\"Maquinarias y Equipos MGA\",\"url\":\"https:\\\/\\\/maquinariasmga.cl\\\/\",\"logo\":{\"@type\":\"ImageObject\",\"inLanguage\":\"en-US\",\"@id\":\"https:\\\/\\\/maquinariasmga.cl\\\/#\\\/schema\\\/logo\\\/image\\\/\",\"url\":\"https:\\\/\\\/maquinariasmga.cl\\\/wp-content\\\/uploads\\\/2023\\\/12\\\/LOGO-MGA-TRANSPARENTE.png\",\"contentUrl\":\"https:\\\/\\\/maquinariasmga.cl\\\/wp-content\\\/uploads\\\/2023\\\/12\\\/LOGO-MGA-TRANSPARENTE.png\",\"width\":1080,\"height\":1080,\"caption\":\"Maquinarias MGA\"},\"image\":{\"@id\":\"https:\\\/\\\/maquinariasmga.cl\\\/#\\\/schema\\\/logo\\\/image\\\/\"}}]}<\/script>\n<!-- \/ Yoast SEO plugin. -->","yoast_head_json":{"title":"ST1030 - Maquinarias MGA","robots":{"index":"index","follow":"follow","max-snippet":"max-snippet:-1","max-image-preview":"max-image-preview:large","max-video-preview":"max-video-preview:-1"},"canonical":"https:\/\/maquinariasmga.cl\/en\/product\/st1030\/","og_locale":"en_US","og_type":"article","og_title":"ST1030 - Maquinarias MGA","og_description":"El Scooptram ST1030 es un cargador subterr\u00e1neo confiable de 10 toneladas con un compartimiento del operador dise\u00f1ado ergon\u00f3micamente para una productividad incomparable en aplicaciones de miner\u00eda de tama\u00f1o mediano. Ha sido dise\u00f1ado con la seguridad en el foco, con muchas caracter\u00edsticas est\u00e1ndar para asegurar su operaci\u00f3n. Excelente confort gracias al entorno de trabajo de primera [&hellip;]","og_url":"https:\/\/maquinariasmga.cl\/en\/product\/st1030\/","og_site_name":"Maquinarias MGA","article_modified_time":"2025-10-29T20:47:19+00:00","og_image":[{"width":576,"height":576,"url":"https:\/\/maquinariasmga.cl\/wp-content\/uploads\/2025\/01\/ST1030-CUADRADO.png","type":"image\/png"}],"twitter_card":"summary_large_image","twitter_misc":{"Est. reading time":"1 minute"},"schema":{"@context":"https:\/\/schema.org","@graph":[{"@type":"WebPage","@id":"https:\/\/maquinariasmga.cl\/producto\/st1030\/","url":"https:\/\/maquinariasmga.cl\/producto\/st1030\/","name":"ST1030 - Maquinarias MGA","isPartOf":{"@id":"https:\/\/maquinariasmga.cl\/#website"},"primaryImageOfPage":{"@id":"https:\/\/maquinariasmga.cl\/producto\/st1030\/#primaryimage"},"image":{"@id":"https:\/\/maquinariasmga.cl\/producto\/st1030\/#primaryimage"},"thumbnailUrl":"https:\/\/maquinariasmga.cl\/wp-content\/uploads\/2025\/01\/ST1030-CUADRADO.png","datePublished":"2025-01-27T11:02:33+00:00","dateModified":"2025-10-29T20:47:19+00:00","breadcrumb":{"@id":"https:\/\/maquinariasmga.cl\/producto\/st1030\/#breadcrumb"},"inLanguage":"en-US","potentialAction":[{"@type":"ReadAction","target":["https:\/\/maquinariasmga.cl\/producto\/st1030\/"]}]},{"@type":"ImageObject","inLanguage":"en-US","@id":"https:\/\/maquinariasmga.cl\/producto\/st1030\/#primaryimage","url":"https:\/\/maquinariasmga.cl\/wp-content\/uploads\/2025\/01\/ST1030-CUADRADO.png","contentUrl":"https:\/\/maquinariasmga.cl\/wp-content\/uploads\/2025\/01\/ST1030-CUADRADO.png","width":576,"height":576},{"@type":"BreadcrumbList","@id":"https:\/\/maquinariasmga.cl\/producto\/st1030\/#breadcrumb","itemListElement":[{"@type":"ListItem","position":1,"name":"Home","item":"https:\/\/maquinariasmga.cl\/"},{"@type":"ListItem","position":2,"name":"Tienda","item":"https:\/\/maquinariasmga.cl\/?page_id=1368"},{"@type":"ListItem","position":3,"name":"ST1030"}]},{"@type":"WebSite","@id":"https:\/\/maquinariasmga.cl\/#website","url":"https:\/\/maquinariasmga.cl\/","name":"Maquinarias MGA","description":"L\u00edder en Rental de Equipos de Perforaci\u00f3n Subterr\u00e1nea","publisher":{"@id":"https:\/\/maquinariasmga.cl\/#organization"},"alternateName":"Maquinarias y Equipos MGA","potentialAction":[{"@type":"SearchAction","target":{"@type":"EntryPoint","urlTemplate":"https:\/\/maquinariasmga.cl\/?s={search_term_string}"},"query-input":{"@type":"PropertyValueSpecification","valueRequired":true,"valueName":"search_term_string"}}],"inLanguage":"en-US"},{"@type":"Organization","@id":"https:\/\/maquinariasmga.cl\/#organization","name":"Maquinarias MGA","alternateName":"Maquinarias y Equipos MGA","url":"https:\/\/maquinariasmga.cl\/","logo":{"@type":"ImageObject","inLanguage":"en-US","@id":"https:\/\/maquinariasmga.cl\/#\/schema\/logo\/image\/","url":"https:\/\/maquinariasmga.cl\/wp-content\/uploads\/2023\/12\/LOGO-MGA-TRANSPARENTE.png","contentUrl":"https:\/\/maquinariasmga.cl\/wp-content\/uploads\/2023\/12\/LOGO-MGA-TRANSPARENTE.png","width":1080,"height":1080,"caption":"Maquinarias MGA"},"image":{"@id":"https:\/\/maquinariasmga.cl\/#\/schema\/logo\/image\/"}}]}},"_links":{"self":[{"href":"https:\/\/maquinariasmga.cl\/en\/wp-json\/wp\/v2\/product\/1423","targetHints":{"allow":["GET"]}}],"collection":[{"href":"https:\/\/maquinariasmga.cl\/en\/wp-json\/wp\/v2\/product"}],"about":[{"href":"https:\/\/maquinariasmga.cl\/en\/wp-json\/wp\/v2\/types\/product"}],"version-history":[{"count":1,"href":"https:\/\/maquinariasmga.cl\/en\/wp-json\/wp\/v2\/product\/1423\/revisions"}],"predecessor-version":[{"id":1626,"href":"https:\/\/maquinariasmga.cl\/en\/wp-json\/wp\/v2\/product\/1423\/revisions\/1626"}],"wp:featuredmedia":[{"embeddable":true,"href":"https:\/\/maquinariasmga.cl\/en\/wp-json\/wp\/v2\/media\/1773"}],"wp:attachment":[{"href":"https:\/\/maquinariasmga.cl\/en\/wp-json\/wp\/v2\/media?parent=1423"}],"wp:term":[{"taxonomy":"product_brand","embeddable":true,"href":"https:\/\/maquinariasmga.cl\/en\/wp-json\/wp\/v2\/product_brand?post=1423"},{"taxonomy":"product_cat","embeddable":true,"href":"https:\/\/maquinariasmga.cl\/en\/wp-json\/wp\/v2\/product_cat?post=1423"},{"taxonomy":"product_tag","embeddable":true,"href":"https:\/\/maquinariasmga.cl\/en\/wp-json\/wp\/v2\/product_tag?post=1423"}],"curies":[{"name":"wp","href":"https:\/\/api.w.org\/{rel}","templated":true}]}}