{"id":1377,"date":"2025-01-26T08:01:49","date_gmt":"2025-01-26T08:01:49","guid":{"rendered":"https:\/\/maquinariasmga.cl\/?post_type=product&#038;p=1377"},"modified":"2025-05-19T16:00:12","modified_gmt":"2025-05-19T16:00:12","slug":"boomer-s1","status":"publish","type":"product","link":"https:\/\/maquinariasmga.cl\/en\/product\/boomer-s1\/","title":{"rendered":"Boomer S1"},"content":{"rendered":"<p>El Boomer S1 es un equipo de perforaci\u00f3n frontal para miner\u00eda y t\u00faneles con una pluma de servicio pesado que se adapta bien a cargas elevadas para ayudarlo a lograr las tasas de avance deseadas. La pluma cuenta con una configuraci\u00f3n de doble tr\u00edpode que permite un posicionamiento r\u00e1pido y preciso y una sujeci\u00f3n hidr\u00e1ulica paralela precisa en todas las direcciones.<\/p>\n<p>Seguridad y control gracias a un techo protector telesc\u00f3pico con certificaci\u00f3n FOPS o una cabina con certificaci\u00f3n ROPS y FOPS de dise\u00f1o ergon\u00f3mico que garantiza seguridad y una excelente visibilidad y vigilancia para el operador.<\/p>","protected":false},"excerpt":{"rendered":"<p>El Boomer S1 es un equipo de perforaci\u00f3n frontal para miner\u00eda y t\u00faneles con una pluma de servicio pesado que se adapta bien a cargas elevadas para ayudarlo a lograr las tasas de avance deseadas. La pluma cuenta con una configuraci\u00f3n de doble tr\u00edpode que permite un posicionamiento r\u00e1pido y preciso y una sujeci\u00f3n hidr\u00e1ulica paralela precisa en todas las direcciones.<\/p>","protected":false},"featured_media":1378,"template":"","meta":[],"product_brand":[],"product_cat":[28],"product_tag":[],"class_list":{"0":"post-1377","1":"product","2":"type-product","3":"status-publish","4":"has-post-thumbnail","6":"product_cat-sin-categoria","8":"first","9":"instock","10":"shipping-taxable","11":"product-type-simple"},"yoast_head":"<!-- This site is optimized with the Yoast SEO plugin v27.4 - https:\/\/yoast.com\/product\/yoast-seo-wordpress\/ -->\n<title>Boomer S1 - Maquinarias MGA<\/title>\n<meta name=\"robots\" content=\"index, follow, max-snippet:-1, max-image-preview:large, max-video-preview:-1\" \/>\n<link rel=\"canonical\" href=\"https:\/\/maquinariasmga.cl\/en\/product\/boomer-s1\/\" \/>\n<meta property=\"og:locale\" content=\"en_US\" \/>\n<meta property=\"og:type\" content=\"article\" \/>\n<meta property=\"og:title\" content=\"Boomer S1 - Maquinarias MGA\" \/>\n<meta property=\"og:description\" content=\"El Boomer S1 es un equipo de perforaci\u00f3n frontal para miner\u00eda y t\u00faneles con una pluma de servicio pesado que se adapta bien a cargas elevadas para ayudarlo a lograr las tasas de avance deseadas. La pluma cuenta con una configuraci\u00f3n de doble tr\u00edpode que permite un posicionamiento r\u00e1pido y preciso y una sujeci\u00f3n hidr\u00e1ulica paralela precisa en todas las direcciones.\" \/>\n<meta property=\"og:url\" content=\"https:\/\/maquinariasmga.cl\/en\/product\/boomer-s1\/\" \/>\n<meta property=\"og:site_name\" content=\"Maquinarias MGA\" \/>\n<meta property=\"article:modified_time\" content=\"2025-05-19T16:00:12+00:00\" \/>\n<meta property=\"og:image\" content=\"https:\/\/maquinariasmga.cl\/wp-content\/uploads\/2025\/01\/Boomer-S1-Cuadrado-2.jpg\" \/>\n\t<meta property=\"og:image:width\" content=\"1156\" \/>\n\t<meta property=\"og:image:height\" content=\"1156\" \/>\n\t<meta property=\"og:image:type\" content=\"image\/jpeg\" \/>\n<meta name=\"twitter:card\" content=\"summary_large_image\" \/>\n<meta name=\"twitter:label1\" content=\"Est. reading time\" \/>\n\t<meta name=\"twitter:data1\" content=\"1 minute\" \/>\n<script type=\"application\/ld+json\" class=\"yoast-schema-graph\">{\"@context\":\"https:\\\/\\\/schema.org\",\"@graph\":[{\"@type\":\"WebPage\",\"@id\":\"https:\\\/\\\/maquinariasmga.cl\\\/producto\\\/boomer-s1\\\/\",\"url\":\"https:\\\/\\\/maquinariasmga.cl\\\/producto\\\/boomer-s1\\\/\",\"name\":\"Boomer S1 - Maquinarias MGA\",\"isPartOf\":{\"@id\":\"https:\\\/\\\/maquinariasmga.cl\\\/#website\"},\"primaryImageOfPage\":{\"@id\":\"https:\\\/\\\/maquinariasmga.cl\\\/producto\\\/boomer-s1\\\/#primaryimage\"},\"image\":{\"@id\":\"https:\\\/\\\/maquinariasmga.cl\\\/producto\\\/boomer-s1\\\/#primaryimage\"},\"thumbnailUrl\":\"https:\\\/\\\/maquinariasmga.cl\\\/wp-content\\\/uploads\\\/2025\\\/01\\\/Boomer-S1-Cuadrado-2.jpg\",\"datePublished\":\"2025-01-26T08:01:49+00:00\",\"dateModified\":\"2025-05-19T16:00:12+00:00\",\"breadcrumb\":{\"@id\":\"https:\\\/\\\/maquinariasmga.cl\\\/producto\\\/boomer-s1\\\/#breadcrumb\"},\"inLanguage\":\"en-US\",\"potentialAction\":[{\"@type\":\"ReadAction\",\"target\":[\"https:\\\/\\\/maquinariasmga.cl\\\/producto\\\/boomer-s1\\\/\"]}]},{\"@type\":\"ImageObject\",\"inLanguage\":\"en-US\",\"@id\":\"https:\\\/\\\/maquinariasmga.cl\\\/producto\\\/boomer-s1\\\/#primaryimage\",\"url\":\"https:\\\/\\\/maquinariasmga.cl\\\/wp-content\\\/uploads\\\/2025\\\/01\\\/Boomer-S1-Cuadrado-2.jpg\",\"contentUrl\":\"https:\\\/\\\/maquinariasmga.cl\\\/wp-content\\\/uploads\\\/2025\\\/01\\\/Boomer-S1-Cuadrado-2.jpg\",\"width\":1156,\"height\":1156},{\"@type\":\"BreadcrumbList\",\"@id\":\"https:\\\/\\\/maquinariasmga.cl\\\/producto\\\/boomer-s1\\\/#breadcrumb\",\"itemListElement\":[{\"@type\":\"ListItem\",\"position\":1,\"name\":\"Home\",\"item\":\"https:\\\/\\\/maquinariasmga.cl\\\/\"},{\"@type\":\"ListItem\",\"position\":2,\"name\":\"Tienda\",\"item\":\"https:\\\/\\\/maquinariasmga.cl\\\/?page_id=1368\"},{\"@type\":\"ListItem\",\"position\":3,\"name\":\"Boomer S1\"}]},{\"@type\":\"WebSite\",\"@id\":\"https:\\\/\\\/maquinariasmga.cl\\\/#website\",\"url\":\"https:\\\/\\\/maquinariasmga.cl\\\/\",\"name\":\"Maquinarias MGA\",\"description\":\"L\u00edder en Rental de Equipos de Perforaci\u00f3n Subterr\u00e1nea\",\"publisher\":{\"@id\":\"https:\\\/\\\/maquinariasmga.cl\\\/#organization\"},\"alternateName\":\"Maquinarias y Equipos MGA\",\"potentialAction\":[{\"@type\":\"SearchAction\",\"target\":{\"@type\":\"EntryPoint\",\"urlTemplate\":\"https:\\\/\\\/maquinariasmga.cl\\\/?s={search_term_string}\"},\"query-input\":{\"@type\":\"PropertyValueSpecification\",\"valueRequired\":true,\"valueName\":\"search_term_string\"}}],\"inLanguage\":\"en-US\"},{\"@type\":\"Organization\",\"@id\":\"https:\\\/\\\/maquinariasmga.cl\\\/#organization\",\"name\":\"Maquinarias MGA\",\"alternateName\":\"Maquinarias y Equipos MGA\",\"url\":\"https:\\\/\\\/maquinariasmga.cl\\\/\",\"logo\":{\"@type\":\"ImageObject\",\"inLanguage\":\"en-US\",\"@id\":\"https:\\\/\\\/maquinariasmga.cl\\\/#\\\/schema\\\/logo\\\/image\\\/\",\"url\":\"https:\\\/\\\/maquinariasmga.cl\\\/wp-content\\\/uploads\\\/2023\\\/12\\\/LOGO-MGA-TRANSPARENTE.png\",\"contentUrl\":\"https:\\\/\\\/maquinariasmga.cl\\\/wp-content\\\/uploads\\\/2023\\\/12\\\/LOGO-MGA-TRANSPARENTE.png\",\"width\":1080,\"height\":1080,\"caption\":\"Maquinarias MGA\"},\"image\":{\"@id\":\"https:\\\/\\\/maquinariasmga.cl\\\/#\\\/schema\\\/logo\\\/image\\\/\"}}]}<\/script>\n<!-- \/ Yoast SEO plugin. -->","yoast_head_json":{"title":"Boomer S1 - Maquinarias MGA","robots":{"index":"index","follow":"follow","max-snippet":"max-snippet:-1","max-image-preview":"max-image-preview:large","max-video-preview":"max-video-preview:-1"},"canonical":"https:\/\/maquinariasmga.cl\/en\/product\/boomer-s1\/","og_locale":"en_US","og_type":"article","og_title":"Boomer S1 - Maquinarias MGA","og_description":"El Boomer S1 es un equipo de perforaci\u00f3n frontal para miner\u00eda y t\u00faneles con una pluma de servicio pesado que se adapta bien a cargas elevadas para ayudarlo a lograr las tasas de avance deseadas. La pluma cuenta con una configuraci\u00f3n de doble tr\u00edpode que permite un posicionamiento r\u00e1pido y preciso y una sujeci\u00f3n hidr\u00e1ulica paralela precisa en todas las direcciones.","og_url":"https:\/\/maquinariasmga.cl\/en\/product\/boomer-s1\/","og_site_name":"Maquinarias MGA","article_modified_time":"2025-05-19T16:00:12+00:00","og_image":[{"width":1156,"height":1156,"url":"https:\/\/maquinariasmga.cl\/wp-content\/uploads\/2025\/01\/Boomer-S1-Cuadrado-2.jpg","type":"image\/jpeg"}],"twitter_card":"summary_large_image","twitter_misc":{"Est. reading time":"1 minute"},"schema":{"@context":"https:\/\/schema.org","@graph":[{"@type":"WebPage","@id":"https:\/\/maquinariasmga.cl\/producto\/boomer-s1\/","url":"https:\/\/maquinariasmga.cl\/producto\/boomer-s1\/","name":"Boomer S1 - Maquinarias MGA","isPartOf":{"@id":"https:\/\/maquinariasmga.cl\/#website"},"primaryImageOfPage":{"@id":"https:\/\/maquinariasmga.cl\/producto\/boomer-s1\/#primaryimage"},"image":{"@id":"https:\/\/maquinariasmga.cl\/producto\/boomer-s1\/#primaryimage"},"thumbnailUrl":"https:\/\/maquinariasmga.cl\/wp-content\/uploads\/2025\/01\/Boomer-S1-Cuadrado-2.jpg","datePublished":"2025-01-26T08:01:49+00:00","dateModified":"2025-05-19T16:00:12+00:00","breadcrumb":{"@id":"https:\/\/maquinariasmga.cl\/producto\/boomer-s1\/#breadcrumb"},"inLanguage":"en-US","potentialAction":[{"@type":"ReadAction","target":["https:\/\/maquinariasmga.cl\/producto\/boomer-s1\/"]}]},{"@type":"ImageObject","inLanguage":"en-US","@id":"https:\/\/maquinariasmga.cl\/producto\/boomer-s1\/#primaryimage","url":"https:\/\/maquinariasmga.cl\/wp-content\/uploads\/2025\/01\/Boomer-S1-Cuadrado-2.jpg","contentUrl":"https:\/\/maquinariasmga.cl\/wp-content\/uploads\/2025\/01\/Boomer-S1-Cuadrado-2.jpg","width":1156,"height":1156},{"@type":"BreadcrumbList","@id":"https:\/\/maquinariasmga.cl\/producto\/boomer-s1\/#breadcrumb","itemListElement":[{"@type":"ListItem","position":1,"name":"Home","item":"https:\/\/maquinariasmga.cl\/"},{"@type":"ListItem","position":2,"name":"Tienda","item":"https:\/\/maquinariasmga.cl\/?page_id=1368"},{"@type":"ListItem","position":3,"name":"Boomer S1"}]},{"@type":"WebSite","@id":"https:\/\/maquinariasmga.cl\/#website","url":"https:\/\/maquinariasmga.cl\/","name":"Maquinarias MGA","description":"L\u00edder en Rental de Equipos de Perforaci\u00f3n Subterr\u00e1nea","publisher":{"@id":"https:\/\/maquinariasmga.cl\/#organization"},"alternateName":"Maquinarias y Equipos MGA","potentialAction":[{"@type":"SearchAction","target":{"@type":"EntryPoint","urlTemplate":"https:\/\/maquinariasmga.cl\/?s={search_term_string}"},"query-input":{"@type":"PropertyValueSpecification","valueRequired":true,"valueName":"search_term_string"}}],"inLanguage":"en-US"},{"@type":"Organization","@id":"https:\/\/maquinariasmga.cl\/#organization","name":"Maquinarias MGA","alternateName":"Maquinarias y Equipos MGA","url":"https:\/\/maquinariasmga.cl\/","logo":{"@type":"ImageObject","inLanguage":"en-US","@id":"https:\/\/maquinariasmga.cl\/#\/schema\/logo\/image\/","url":"https:\/\/maquinariasmga.cl\/wp-content\/uploads\/2023\/12\/LOGO-MGA-TRANSPARENTE.png","contentUrl":"https:\/\/maquinariasmga.cl\/wp-content\/uploads\/2023\/12\/LOGO-MGA-TRANSPARENTE.png","width":1080,"height":1080,"caption":"Maquinarias MGA"},"image":{"@id":"https:\/\/maquinariasmga.cl\/#\/schema\/logo\/image\/"}}]}},"_links":{"self":[{"href":"https:\/\/maquinariasmga.cl\/en\/wp-json\/wp\/v2\/product\/1377","targetHints":{"allow":["GET"]}}],"collection":[{"href":"https:\/\/maquinariasmga.cl\/en\/wp-json\/wp\/v2\/product"}],"about":[{"href":"https:\/\/maquinariasmga.cl\/en\/wp-json\/wp\/v2\/types\/product"}],"version-history":[{"count":0,"href":"https:\/\/maquinariasmga.cl\/en\/wp-json\/wp\/v2\/product\/1377\/revisions"}],"wp:featuredmedia":[{"embeddable":true,"href":"https:\/\/maquinariasmga.cl\/en\/wp-json\/wp\/v2\/media\/1378"}],"wp:attachment":[{"href":"https:\/\/maquinariasmga.cl\/en\/wp-json\/wp\/v2\/media?parent=1377"}],"wp:term":[{"taxonomy":"product_brand","embeddable":true,"href":"https:\/\/maquinariasmga.cl\/en\/wp-json\/wp\/v2\/product_brand?post=1377"},{"taxonomy":"product_cat","embeddable":true,"href":"https:\/\/maquinariasmga.cl\/en\/wp-json\/wp\/v2\/product_cat?post=1377"},{"taxonomy":"product_tag","embeddable":true,"href":"https:\/\/maquinariasmga.cl\/en\/wp-json\/wp\/v2\/product_tag?post=1377"}],"curies":[{"name":"wp","href":"https:\/\/api.w.org\/{rel}","templated":true}]}}