{"id":872,"date":"2024-02-24T22:46:15","date_gmt":"2024-02-24T22:46:15","guid":{"rendered":"https:\/\/maquinariasmga.cl\/pre-entrega-copy\/"},"modified":"2024-02-24T22:57:48","modified_gmt":"2024-02-24T22:57:48","slug":"reparacion","status":"publish","type":"page","link":"https:\/\/maquinariasmga.cl\/en\/reparacion\/","title":{"rendered":"Repair"},"content":{"rendered":"<div data-elementor-type=\"wp-page\" data-elementor-id=\"872\" class=\"elementor elementor-872\" data-elementor-post-type=\"page\">\n\t\t\t\t<div class=\"elementor-element elementor-element-263d8a35 e-con-full e-flex e-con e-parent\" data-id=\"263d8a35\" data-element_type=\"container\" data-e-type=\"container\" data-settings=\"{&quot;background_background&quot;:&quot;classic&quot;}\">\n\t\t\t\t<div class=\"elementor-element elementor-element-7adcb592 animated-slow elementor-invisible elementor-widget elementor-widget-heading\" data-id=\"7adcb592\" data-element_type=\"widget\" data-e-type=\"widget\" data-settings=\"{&quot;_animation&quot;:&quot;slideInUp&quot;}\" data-widget_type=\"heading.default\">\n\t\t\t\t<div class=\"elementor-widget-container\">\n\t\t\t\t\t<h2 class=\"elementor-heading-title elementor-size-default\">Servicio<\/h2>\t\t\t\t<\/div>\n\t\t\t\t<\/div>\n\t\t\t\t<div class=\"elementor-element elementor-element-5ffb2c33 animated-slow elementor-invisible elementor-widget elementor-widget-heading\" data-id=\"5ffb2c33\" data-element_type=\"widget\" data-e-type=\"widget\" data-settings=\"{&quot;_animation&quot;:&quot;slideInUp&quot;}\" data-widget_type=\"heading.default\">\n\t\t\t\t<div class=\"elementor-widget-container\">\n\t\t\t\t\t<h2 class=\"elementor-heading-title elementor-size-default\">Reparaci\u00f3n Equipos Externos<\/h2>\t\t\t\t<\/div>\n\t\t\t\t<\/div>\n\t\t\t\t<\/div>\n\t\t<div class=\"elementor-element elementor-element-e5b6d14 e-con-full e-flex e-con e-parent\" data-id=\"e5b6d14\" data-element_type=\"container\" data-e-type=\"container\" data-settings=\"{&quot;background_background&quot;:&quot;classic&quot;}\">\n\t\t\t\t<div class=\"elementor-element elementor-element-b57a543 elementor-widget elementor-widget-video\" data-id=\"b57a543\" data-element_type=\"widget\" data-e-type=\"widget\" data-settings=\"{&quot;video_type&quot;:&quot;hosted&quot;,&quot;controls&quot;:&quot;yes&quot;}\" data-widget_type=\"video.default\">\n\t\t\t\t<div class=\"elementor-widget-container\">\n\t\t\t\t\t\t\t<div class=\"e-hosted-video elementor-wrapper elementor-open-inline\">\n\t\t\t\t\t<video class=\"elementor-video\" src=\"http:\/\/desarrollatemas.com\/maquinariasmga\/wp-content\/uploads\/2024\/02\/Reparacion-1.mp4\" controls=\"\" preload=\"metadata\" controlslist=\"nodownload\" poster=\"http:\/\/desarrollatemas.com\/maquinariasmga\/wp-content\/uploads\/2024\/02\/Repa-2.png\"><\/video>\n\t\t\t\t<\/div>\n\t\t\t\t\t\t<\/div>\n\t\t\t\t<\/div>\n\t\t<div class=\"elementor-element elementor-element-29daca0 e-con-full e-flex e-con e-child\" data-id=\"29daca0\" data-element_type=\"container\" data-e-type=\"container\">\n\t\t\t\t<div class=\"elementor-element elementor-element-49e4f36f animated-slow elementor-invisible elementor-widget elementor-widget-heading\" data-id=\"49e4f36f\" data-element_type=\"widget\" data-e-type=\"widget\" data-settings=\"{&quot;_animation&quot;:&quot;slideInUp&quot;}\" data-widget_type=\"heading.default\">\n\t\t\t\t<div class=\"elementor-widget-container\">\n\t\t\t\t\t<h1 class=\"elementor-heading-title elementor-size-default\">Reparaci\u00f3n Multimarca<\/h1>\t\t\t\t<\/div>\n\t\t\t\t<\/div>\n\t\t\t\t<div class=\"elementor-element elementor-element-712ec131 animated-slow elementor-invisible elementor-widget elementor-widget-heading\" data-id=\"712ec131\" data-element_type=\"widget\" data-e-type=\"widget\" data-settings=\"{&quot;_animation&quot;:&quot;slideInUp&quot;}\" data-widget_type=\"heading.default\">\n\t\t\t\t<div class=\"elementor-widget-container\">\n\t\t\t\t\t<h2 class=\"elementor-heading-title elementor-size-default\">Maquinarias y equipos MGA posee personal especializados multimarca y con amplia experiencia. Adema\u0301s, contamos con un equipo de ingenieros analistas que trabajan en procesar servicios de reparaciones correctivas, modificaciones, reparaciones mayores y servicios de Overhaul. \n\nComo organizacio\u0301n hemos participado en diversas licitaciones, las que han sido adjudicadas con clientes importantes en la mineri\u0301a subterra\u0301neas.\n <\/h2>\t\t\t\t<\/div>\n\t\t\t\t<\/div>\n\t\t\t\t<\/div>\n\t\t\t\t<div class=\"elementor-element elementor-element-b7086dd elementor-widget elementor-widget-video\" data-id=\"b7086dd\" data-element_type=\"widget\" data-e-type=\"widget\" data-settings=\"{&quot;video_type&quot;:&quot;hosted&quot;,&quot;controls&quot;:&quot;yes&quot;}\" data-widget_type=\"video.default\">\n\t\t\t\t<div class=\"elementor-widget-container\">\n\t\t\t\t\t\t\t<div class=\"e-hosted-video elementor-wrapper elementor-open-inline\">\n\t\t\t\t\t<video class=\"elementor-video\" src=\"http:\/\/desarrollatemas.com\/maquinariasmga\/wp-content\/uploads\/2024\/02\/Reparacion-2.mp4\" controls=\"\" preload=\"metadata\" controlslist=\"nodownload\" poster=\"http:\/\/desarrollatemas.com\/maquinariasmga\/wp-content\/uploads\/2024\/02\/Repa-6.png\"><\/video>\n\t\t\t\t<\/div>\n\t\t\t\t\t\t<\/div>\n\t\t\t\t<\/div>\n\t\t\t\t<\/div>\n\t\t<div class=\"elementor-element elementor-element-abb1303 e-flex e-con-boxed e-con e-parent\" data-id=\"abb1303\" data-element_type=\"container\" data-e-type=\"container\" data-settings=\"{&quot;background_background&quot;:&quot;classic&quot;}\">\n\t\t\t\t\t<div class=\"e-con-inner\">\n\t\t\t\t<div class=\"elementor-element elementor-element-3b72af27 elementor-widget elementor-widget-heading\" data-id=\"3b72af27\" data-element_type=\"widget\" data-e-type=\"widget\" data-widget_type=\"heading.default\">\n\t\t\t\t<div class=\"elementor-widget-container\">\n\t\t\t\t\t<h5 class=\"elementor-heading-title elementor-size-default\">Contamos con naves de trabajos con altos esta\u0301ndares para atender todo tipo de maquinaria y un soporte te\u0301cnico capacitado para ejecutar cada proyecto con e\u0301xito.<\/h5>\t\t\t\t<\/div>\n\t\t\t\t<\/div>\n\t\t\t\t<div class=\"elementor-element elementor-element-9aa3828 elementor-skin-slideshow elementor-arrows-yes elementor-widget elementor-widget-media-carousel\" data-id=\"9aa3828\" data-element_type=\"widget\" data-e-type=\"widget\" data-settings=\"{&quot;skin&quot;:&quot;slideshow&quot;,&quot;effect&quot;:&quot;slide&quot;,&quot;show_arrows&quot;:&quot;yes&quot;,&quot;speed&quot;:500,&quot;autoplay&quot;:&quot;yes&quot;,&quot;autoplay_speed&quot;:5000,&quot;loop&quot;:&quot;yes&quot;,&quot;pause_on_hover&quot;:&quot;yes&quot;,&quot;pause_on_interaction&quot;:&quot;yes&quot;,&quot;space_between&quot;:{&quot;unit&quot;:&quot;px&quot;,&quot;size&quot;:10,&quot;sizes&quot;:[]},&quot;space_between_tablet&quot;:{&quot;unit&quot;:&quot;px&quot;,&quot;size&quot;:10,&quot;sizes&quot;:[]},&quot;space_between_mobile&quot;:{&quot;unit&quot;:&quot;px&quot;,&quot;size&quot;:10,&quot;sizes&quot;:[]}}\" data-widget_type=\"media-carousel.default\">\n\t\t\t\t<div class=\"elementor-widget-container\">\n\t\t\t\t\t\t\t\t\t<div class=\"elementor-swiper\">\n\t\t\t\t\t<div class=\"elementor-main-swiper swiper\" role=\"region\" aria-roledescription=\"carousel\" aria-label=\"Slides\">\n\t\t\t\t<div class=\"swiper-wrapper\">\n\t\t\t\t\t\t\t\t\t\t\t<div class=\"swiper-slide\" role=\"group\" aria-roledescription=\"slide\">\n\t\t\t\t\t\t\t\t\t<div class=\"elementor-carousel-image\" role=\"img\" aria-label=\"Repa (1)\" style=\"background-image: url(&#039;https:\/\/maquinariasmga.cl\/wp-content\/uploads\/2024\/02\/Repa-1.png&#039;)\">\n\n\t\t\t\n\t\t\t\t\t<\/div>\n\t\t\t\t\t\t\t\t<\/div>\n\t\t\t\t\t\t\t\t\t\t\t<div class=\"swiper-slide\" role=\"group\" aria-roledescription=\"slide\">\n\t\t\t\t\t\t\t\t\t<div class=\"elementor-carousel-image\" role=\"img\" aria-label=\"Repa (8)\" style=\"background-image: url(&#039;https:\/\/maquinariasmga.cl\/wp-content\/uploads\/2024\/02\/Repa-8.png&#039;)\">\n\n\t\t\t\n\t\t\t\t\t<\/div>\n\t\t\t\t\t\t\t\t<\/div>\n\t\t\t\t\t\t\t\t\t\t\t<div class=\"swiper-slide\" role=\"group\" aria-roledescription=\"slide\">\n\t\t\t\t\t\t\t\t\t<div class=\"elementor-carousel-image\" role=\"img\" aria-label=\"Repa (7)\" style=\"background-image: url(&#039;https:\/\/maquinariasmga.cl\/wp-content\/uploads\/2024\/02\/Repa-7.png&#039;)\">\n\n\t\t\t\n\t\t\t\t\t<\/div>\n\t\t\t\t\t\t\t\t<\/div>\n\t\t\t\t\t\t\t\t\t\t\t<div class=\"swiper-slide\" role=\"group\" aria-roledescription=\"slide\">\n\t\t\t\t\t\t\t\t\t<div class=\"elementor-carousel-image\" role=\"img\" aria-label=\"Repa (6)\" style=\"background-image: url(&#039;https:\/\/maquinariasmga.cl\/wp-content\/uploads\/2024\/02\/Repa-6.png&#039;)\">\n\n\t\t\t\n\t\t\t\t\t<\/div>\n\t\t\t\t\t\t\t\t<\/div>\n\t\t\t\t\t\t\t\t\t\t\t<div class=\"swiper-slide\" role=\"group\" aria-roledescription=\"slide\">\n\t\t\t\t\t\t\t\t\t<div class=\"elementor-carousel-image\" role=\"img\" aria-label=\"Repa (5)\" style=\"background-image: url(&#039;https:\/\/maquinariasmga.cl\/wp-content\/uploads\/2024\/02\/Repa-5.png&#039;)\">\n\n\t\t\t\n\t\t\t\t\t<\/div>\n\t\t\t\t\t\t\t\t<\/div>\n\t\t\t\t\t\t\t\t\t\t\t<div class=\"swiper-slide\" role=\"group\" aria-roledescription=\"slide\">\n\t\t\t\t\t\t\t\t\t<div class=\"elementor-carousel-image\" role=\"img\" aria-label=\"Repa (4)\" style=\"background-image: url(&#039;https:\/\/maquinariasmga.cl\/wp-content\/uploads\/2024\/02\/Repa-4.png&#039;)\">\n\n\t\t\t\n\t\t\t\t\t<\/div>\n\t\t\t\t\t\t\t\t<\/div>\n\t\t\t\t\t\t\t\t\t\t\t<div class=\"swiper-slide\" role=\"group\" aria-roledescription=\"slide\">\n\t\t\t\t\t\t\t\t\t<div class=\"elementor-carousel-image\" role=\"img\" aria-label=\"Repa (3)\" style=\"background-image: url(&#039;https:\/\/maquinariasmga.cl\/wp-content\/uploads\/2024\/02\/Repa-3.png&#039;)\">\n\n\t\t\t\n\t\t\t\t\t<\/div>\n\t\t\t\t\t\t\t\t<\/div>\n\t\t\t\t\t\t\t\t\t\t\t<div class=\"swiper-slide\" role=\"group\" aria-roledescription=\"slide\">\n\t\t\t\t\t\t\t\t\t<div class=\"elementor-carousel-image\" role=\"img\" aria-label=\"Repa (2)\" style=\"background-image: url(&#039;https:\/\/maquinariasmga.cl\/wp-content\/uploads\/2024\/02\/Repa-2.png&#039;)\">\n\n\t\t\t\n\t\t\t\t\t<\/div>\n\t\t\t\t\t\t\t\t<\/div>\n\t\t\t\t\t\t\t\t\t\t\t<div class=\"swiper-slide\" role=\"group\" aria-roledescription=\"slide\">\n\t\t\t\t\t\t\t\t\t<div class=\"elementor-carousel-image\" role=\"img\" aria-label=\"Pre (4)\" style=\"background-image: url(&#039;https:\/\/maquinariasmga.cl\/wp-content\/uploads\/2024\/02\/Pre-4.png&#039;)\">\n\n\t\t\t\n\t\t\t\t\t<\/div>\n\t\t\t\t\t\t\t\t<\/div>\n\t\t\t\t\t\t\t\t\t<\/div>\n\t\t\t\t\t\t\t\t\t\t\t\t\t\t\t<div class=\"elementor-swiper-button elementor-swiper-button-prev\" role=\"button\" tabindex=\"0\" aria-label=\"Previous\">\n\t\t\t\t\t\t\t<svg aria-hidden=\"true\" class=\"e-font-icon-svg e-eicon-chevron-left\" viewbox=\"0 0 1000 1000\" xmlns=\"http:\/\/www.w3.org\/2000\/svg\"><path d=\"M646 125C629 125 613 133 604 142L308 442C296 454 292 471 292 487 292 504 296 521 308 533L604 854C617 867 629 875 646 875 663 875 679 871 692 858 704 846 713 829 713 812 713 796 708 779 692 767L438 487 692 225C700 217 708 204 708 187 708 171 704 154 692 142 675 129 663 125 646 125Z\"><\/path><\/svg>\t\t\t\t\t\t<\/div>\n\t\t\t\t\t\t<div class=\"elementor-swiper-button elementor-swiper-button-next\" role=\"button\" tabindex=\"0\" aria-label=\"Next\">\n\t\t\t\t\t\t\t<svg aria-hidden=\"true\" class=\"e-font-icon-svg e-eicon-chevron-right\" viewbox=\"0 0 1000 1000\" xmlns=\"http:\/\/www.w3.org\/2000\/svg\"><path d=\"M696 533C708 521 713 504 713 487 713 471 708 454 696 446L400 146C388 133 375 125 354 125 338 125 325 129 313 142 300 154 292 171 292 187 292 204 296 221 308 233L563 492 304 771C292 783 288 800 288 817 288 833 296 850 308 863 321 871 338 875 354 875 371 875 388 867 400 854L696 533Z\"><\/path><\/svg>\t\t\t\t\t\t<\/div>\n\t\t\t\t\t\t\t\t\t\t\t\t\t\t\t\t\t<\/div>\n\t\t\t\t<\/div>\n\t\t\t\t\t\t\t\t<div class=\"elementor-swiper\">\n\t\t\t\t\t<div class=\"elementor-main-swiper swiper elementor-thumbnails-swiper swiper\" role=\"region region\" aria-roledescription=\"carousel carousel\" aria-label=\"Slides Slides\">\n\t\t\t\t<div class=\"swiper-wrapper\">\n\t\t\t\t\t\t\t\t\t\t\t<div class=\"swiper-slide\" role=\"group\" aria-roledescription=\"slide\">\n\t\t\t\t\t\t\t\t\t<div class=\"elementor-carousel-image\" role=\"img\" aria-label=\"Repa (1)\" style=\"background-image: url(&#039;https:\/\/maquinariasmga.cl\/wp-content\/uploads\/2024\/02\/Repa-1.png&#039;)\">\n\n\t\t\t\n\t\t\t\t\t<\/div>\n\t\t\t\t\t\t\t\t<\/div>\n\t\t\t\t\t\t\t\t\t\t\t<div class=\"swiper-slide\" role=\"group\" aria-roledescription=\"slide\">\n\t\t\t\t\t\t\t\t\t<div class=\"elementor-carousel-image\" role=\"img\" aria-label=\"Repa (8)\" style=\"background-image: url(&#039;https:\/\/maquinariasmga.cl\/wp-content\/uploads\/2024\/02\/Repa-8.png&#039;)\">\n\n\t\t\t\n\t\t\t\t\t<\/div>\n\t\t\t\t\t\t\t\t<\/div>\n\t\t\t\t\t\t\t\t\t\t\t<div class=\"swiper-slide\" role=\"group\" aria-roledescription=\"slide\">\n\t\t\t\t\t\t\t\t\t<div class=\"elementor-carousel-image\" role=\"img\" aria-label=\"Repa (7)\" style=\"background-image: url(&#039;https:\/\/maquinariasmga.cl\/wp-content\/uploads\/2024\/02\/Repa-7.png&#039;)\">\n\n\t\t\t\n\t\t\t\t\t<\/div>\n\t\t\t\t\t\t\t\t<\/div>\n\t\t\t\t\t\t\t\t\t\t\t<div class=\"swiper-slide\" role=\"group\" aria-roledescription=\"slide\">\n\t\t\t\t\t\t\t\t\t<div class=\"elementor-carousel-image\" role=\"img\" aria-label=\"Repa (6)\" style=\"background-image: url(&#039;https:\/\/maquinariasmga.cl\/wp-content\/uploads\/2024\/02\/Repa-6.png&#039;)\">\n\n\t\t\t\n\t\t\t\t\t<\/div>\n\t\t\t\t\t\t\t\t<\/div>\n\t\t\t\t\t\t\t\t\t\t\t<div class=\"swiper-slide\" role=\"group\" aria-roledescription=\"slide\">\n\t\t\t\t\t\t\t\t\t<div class=\"elementor-carousel-image\" role=\"img\" aria-label=\"Repa (5)\" style=\"background-image: url(&#039;https:\/\/maquinariasmga.cl\/wp-content\/uploads\/2024\/02\/Repa-5.png&#039;)\">\n\n\t\t\t\n\t\t\t\t\t<\/div>\n\t\t\t\t\t\t\t\t<\/div>\n\t\t\t\t\t\t\t\t\t\t\t<div class=\"swiper-slide\" role=\"group\" aria-roledescription=\"slide\">\n\t\t\t\t\t\t\t\t\t<div class=\"elementor-carousel-image\" role=\"img\" aria-label=\"Repa (4)\" style=\"background-image: url(&#039;https:\/\/maquinariasmga.cl\/wp-content\/uploads\/2024\/02\/Repa-4.png&#039;)\">\n\n\t\t\t\n\t\t\t\t\t<\/div>\n\t\t\t\t\t\t\t\t<\/div>\n\t\t\t\t\t\t\t\t\t\t\t<div class=\"swiper-slide\" role=\"group\" aria-roledescription=\"slide\">\n\t\t\t\t\t\t\t\t\t<div class=\"elementor-carousel-image\" role=\"img\" aria-label=\"Repa (3)\" style=\"background-image: url(&#039;https:\/\/maquinariasmga.cl\/wp-content\/uploads\/2024\/02\/Repa-3.png&#039;)\">\n\n\t\t\t\n\t\t\t\t\t<\/div>\n\t\t\t\t\t\t\t\t<\/div>\n\t\t\t\t\t\t\t\t\t\t\t<div class=\"swiper-slide\" role=\"group\" aria-roledescription=\"slide\">\n\t\t\t\t\t\t\t\t\t<div class=\"elementor-carousel-image\" role=\"img\" aria-label=\"Repa (2)\" style=\"background-image: url(&#039;https:\/\/maquinariasmga.cl\/wp-content\/uploads\/2024\/02\/Repa-2.png&#039;)\">\n\n\t\t\t\n\t\t\t\t\t<\/div>\n\t\t\t\t\t\t\t\t<\/div>\n\t\t\t\t\t\t\t\t\t\t\t<div class=\"swiper-slide\" role=\"group\" aria-roledescription=\"slide\">\n\t\t\t\t\t\t\t\t\t<div class=\"elementor-carousel-image\" role=\"img\" aria-label=\"Pre (4)\" style=\"background-image: url(&#039;https:\/\/maquinariasmga.cl\/wp-content\/uploads\/2024\/02\/Pre-4.png&#039;)\">\n\n\t\t\t\n\t\t\t\t\t<\/div>\n\t\t\t\t\t\t\t\t<\/div>\n\t\t\t\t\t\t\t\t\t<\/div>\n\t\t\t\t\t\t\t\t\t\t\t\t\t\t\t\t\t\t\t\t\t<\/div>\n\t\t\t\t<\/div>\n\t\t\t\t\t\t\t\t<\/div>\n\t\t\t\t<\/div>\n\t\t\t\t\t<\/div>\n\t\t\t\t<\/div>\n\t\t\t\t<\/div>","protected":false},"excerpt":{"rendered":"<p>Servicio Reparaci\u00f3n Equipos Externos http:\/\/desarrollatemas.com\/maquinariasmga\/wp-content\/uploads\/2024\/02\/Reparacion-1.mp4 Reparaci\u00f3n Multimarca Maquinarias y equipos MGA posee personal especializados multimarca y con amplia experiencia. Adema\u0301s, contamos con un equipo de ingenieros analistas que trabajan en procesar servicios de reparaciones correctivas, modificaciones, reparaciones mayores y servicios de Overhaul. Como organizacio\u0301n hemos participado en diversas licitaciones, las que han sido adjudicadas con [&hellip;]<\/p>\n","protected":false},"author":1,"featured_media":0,"parent":0,"menu_order":0,"comment_status":"closed","ping_status":"closed","template":"elementor_header_footer","meta":{"footnotes":""},"class_list":["post-872","page","type-page","status-publish","hentry"],"yoast_head":"<!-- This site is optimized with the Yoast SEO plugin v27.4 - https:\/\/yoast.com\/product\/yoast-seo-wordpress\/ -->\n<title>Reparacion - Maquinarias MGA<\/title>\n<meta name=\"robots\" content=\"index, follow, max-snippet:-1, max-image-preview:large, max-video-preview:-1\" \/>\n<link rel=\"canonical\" href=\"https:\/\/maquinariasmga.cl\/en\/reparacion\/\" \/>\n<meta property=\"og:locale\" content=\"en_US\" \/>\n<meta property=\"og:type\" content=\"article\" \/>\n<meta property=\"og:title\" content=\"Reparacion - Maquinarias MGA\" \/>\n<meta property=\"og:description\" content=\"Servicio Reparaci\u00f3n Equipos Externos http:\/\/desarrollatemas.com\/maquinariasmga\/wp-content\/uploads\/2024\/02\/Reparacion-1.mp4 Reparaci\u00f3n Multimarca Maquinarias y equipos MGA posee personal especializados multimarca y con amplia experiencia. Adema\u0301s, contamos con un equipo de ingenieros analistas que trabajan en procesar servicios de reparaciones correctivas, modificaciones, reparaciones mayores y servicios de Overhaul. Como organizacio\u0301n hemos participado en diversas licitaciones, las que han sido adjudicadas con [&hellip;]\" \/>\n<meta property=\"og:url\" content=\"https:\/\/maquinariasmga.cl\/en\/reparacion\/\" \/>\n<meta property=\"og:site_name\" content=\"Maquinarias MGA\" \/>\n<meta property=\"article:modified_time\" content=\"2024-02-24T22:57:48+00:00\" \/>\n<meta name=\"twitter:card\" content=\"summary_large_image\" \/>\n<meta name=\"twitter:label1\" content=\"Est. reading time\" \/>\n\t<meta name=\"twitter:data1\" content=\"1 minute\" \/>\n<script type=\"application\/ld+json\" class=\"yoast-schema-graph\">{\"@context\":\"https:\\\/\\\/schema.org\",\"@graph\":[{\"@type\":\"WebPage\",\"@id\":\"https:\\\/\\\/maquinariasmga.cl\\\/reparacion\\\/\",\"url\":\"https:\\\/\\\/maquinariasmga.cl\\\/reparacion\\\/\",\"name\":\"Reparacion - Maquinarias MGA\",\"isPartOf\":{\"@id\":\"https:\\\/\\\/maquinariasmga.cl\\\/#website\"},\"datePublished\":\"2024-02-24T22:46:15+00:00\",\"dateModified\":\"2024-02-24T22:57:48+00:00\",\"breadcrumb\":{\"@id\":\"https:\\\/\\\/maquinariasmga.cl\\\/reparacion\\\/#breadcrumb\"},\"inLanguage\":\"en-US\",\"potentialAction\":[{\"@type\":\"ReadAction\",\"target\":[\"https:\\\/\\\/maquinariasmga.cl\\\/reparacion\\\/\"]}]},{\"@type\":\"BreadcrumbList\",\"@id\":\"https:\\\/\\\/maquinariasmga.cl\\\/reparacion\\\/#breadcrumb\",\"itemListElement\":[{\"@type\":\"ListItem\",\"position\":1,\"name\":\"Home\",\"item\":\"https:\\\/\\\/maquinariasmga.cl\\\/\"},{\"@type\":\"ListItem\",\"position\":2,\"name\":\"Reparacion\"}]},{\"@type\":\"WebSite\",\"@id\":\"https:\\\/\\\/maquinariasmga.cl\\\/#website\",\"url\":\"https:\\\/\\\/maquinariasmga.cl\\\/\",\"name\":\"Maquinarias MGA\",\"description\":\"L\u00edder en Rental de Equipos de Perforaci\u00f3n Subterr\u00e1nea\",\"publisher\":{\"@id\":\"https:\\\/\\\/maquinariasmga.cl\\\/#organization\"},\"alternateName\":\"Maquinarias y Equipos MGA\",\"potentialAction\":[{\"@type\":\"SearchAction\",\"target\":{\"@type\":\"EntryPoint\",\"urlTemplate\":\"https:\\\/\\\/maquinariasmga.cl\\\/?s={search_term_string}\"},\"query-input\":{\"@type\":\"PropertyValueSpecification\",\"valueRequired\":true,\"valueName\":\"search_term_string\"}}],\"inLanguage\":\"en-US\"},{\"@type\":\"Organization\",\"@id\":\"https:\\\/\\\/maquinariasmga.cl\\\/#organization\",\"name\":\"Maquinarias MGA\",\"alternateName\":\"Maquinarias y Equipos MGA\",\"url\":\"https:\\\/\\\/maquinariasmga.cl\\\/\",\"logo\":{\"@type\":\"ImageObject\",\"inLanguage\":\"en-US\",\"@id\":\"https:\\\/\\\/maquinariasmga.cl\\\/#\\\/schema\\\/logo\\\/image\\\/\",\"url\":\"https:\\\/\\\/maquinariasmga.cl\\\/wp-content\\\/uploads\\\/2023\\\/12\\\/LOGO-MGA-TRANSPARENTE.png\",\"contentUrl\":\"https:\\\/\\\/maquinariasmga.cl\\\/wp-content\\\/uploads\\\/2023\\\/12\\\/LOGO-MGA-TRANSPARENTE.png\",\"width\":1080,\"height\":1080,\"caption\":\"Maquinarias MGA\"},\"image\":{\"@id\":\"https:\\\/\\\/maquinariasmga.cl\\\/#\\\/schema\\\/logo\\\/image\\\/\"}}]}<\/script>\n<!-- \/ Yoast SEO plugin. -->","yoast_head_json":{"title":"Reparacion - Maquinarias MGA","robots":{"index":"index","follow":"follow","max-snippet":"max-snippet:-1","max-image-preview":"max-image-preview:large","max-video-preview":"max-video-preview:-1"},"canonical":"https:\/\/maquinariasmga.cl\/en\/reparacion\/","og_locale":"en_US","og_type":"article","og_title":"Reparacion - Maquinarias MGA","og_description":"Servicio Reparaci\u00f3n Equipos Externos http:\/\/desarrollatemas.com\/maquinariasmga\/wp-content\/uploads\/2024\/02\/Reparacion-1.mp4 Reparaci\u00f3n Multimarca Maquinarias y equipos MGA posee personal especializados multimarca y con amplia experiencia. Adema\u0301s, contamos con un equipo de ingenieros analistas que trabajan en procesar servicios de reparaciones correctivas, modificaciones, reparaciones mayores y servicios de Overhaul. Como organizacio\u0301n hemos participado en diversas licitaciones, las que han sido adjudicadas con [&hellip;]","og_url":"https:\/\/maquinariasmga.cl\/en\/reparacion\/","og_site_name":"Maquinarias MGA","article_modified_time":"2024-02-24T22:57:48+00:00","twitter_card":"summary_large_image","twitter_misc":{"Est. reading time":"1 minute"},"schema":{"@context":"https:\/\/schema.org","@graph":[{"@type":"WebPage","@id":"https:\/\/maquinariasmga.cl\/reparacion\/","url":"https:\/\/maquinariasmga.cl\/reparacion\/","name":"Reparacion - Maquinarias MGA","isPartOf":{"@id":"https:\/\/maquinariasmga.cl\/#website"},"datePublished":"2024-02-24T22:46:15+00:00","dateModified":"2024-02-24T22:57:48+00:00","breadcrumb":{"@id":"https:\/\/maquinariasmga.cl\/reparacion\/#breadcrumb"},"inLanguage":"en-US","potentialAction":[{"@type":"ReadAction","target":["https:\/\/maquinariasmga.cl\/reparacion\/"]}]},{"@type":"BreadcrumbList","@id":"https:\/\/maquinariasmga.cl\/reparacion\/#breadcrumb","itemListElement":[{"@type":"ListItem","position":1,"name":"Home","item":"https:\/\/maquinariasmga.cl\/"},{"@type":"ListItem","position":2,"name":"Reparacion"}]},{"@type":"WebSite","@id":"https:\/\/maquinariasmga.cl\/#website","url":"https:\/\/maquinariasmga.cl\/","name":"Maquinarias MGA","description":"L\u00edder en Rental de Equipos de Perforaci\u00f3n Subterr\u00e1nea","publisher":{"@id":"https:\/\/maquinariasmga.cl\/#organization"},"alternateName":"Maquinarias y Equipos MGA","potentialAction":[{"@type":"SearchAction","target":{"@type":"EntryPoint","urlTemplate":"https:\/\/maquinariasmga.cl\/?s={search_term_string}"},"query-input":{"@type":"PropertyValueSpecification","valueRequired":true,"valueName":"search_term_string"}}],"inLanguage":"en-US"},{"@type":"Organization","@id":"https:\/\/maquinariasmga.cl\/#organization","name":"Maquinarias MGA","alternateName":"Maquinarias y Equipos MGA","url":"https:\/\/maquinariasmga.cl\/","logo":{"@type":"ImageObject","inLanguage":"en-US","@id":"https:\/\/maquinariasmga.cl\/#\/schema\/logo\/image\/","url":"https:\/\/maquinariasmga.cl\/wp-content\/uploads\/2023\/12\/LOGO-MGA-TRANSPARENTE.png","contentUrl":"https:\/\/maquinariasmga.cl\/wp-content\/uploads\/2023\/12\/LOGO-MGA-TRANSPARENTE.png","width":1080,"height":1080,"caption":"Maquinarias MGA"},"image":{"@id":"https:\/\/maquinariasmga.cl\/#\/schema\/logo\/image\/"}}]}},"_links":{"self":[{"href":"https:\/\/maquinariasmga.cl\/en\/wp-json\/wp\/v2\/pages\/872","targetHints":{"allow":["GET"]}}],"collection":[{"href":"https:\/\/maquinariasmga.cl\/en\/wp-json\/wp\/v2\/pages"}],"about":[{"href":"https:\/\/maquinariasmga.cl\/en\/wp-json\/wp\/v2\/types\/page"}],"author":[{"embeddable":true,"href":"https:\/\/maquinariasmga.cl\/en\/wp-json\/wp\/v2\/users\/1"}],"replies":[{"embeddable":true,"href":"https:\/\/maquinariasmga.cl\/en\/wp-json\/wp\/v2\/comments?post=872"}],"version-history":[{"count":5,"href":"https:\/\/maquinariasmga.cl\/en\/wp-json\/wp\/v2\/pages\/872\/revisions"}],"predecessor-version":[{"id":889,"href":"https:\/\/maquinariasmga.cl\/en\/wp-json\/wp\/v2\/pages\/872\/revisions\/889"}],"wp:attachment":[{"href":"https:\/\/maquinariasmga.cl\/en\/wp-json\/wp\/v2\/media?parent=872"}],"curies":[{"name":"wp","href":"https:\/\/api.w.org\/{rel}","templated":true}]}}