{"id":767,"date":"2024-02-24T16:45:20","date_gmt":"2024-02-24T16:45:20","guid":{"rendered":"https:\/\/maquinariasmga.cl\/?page_id=767"},"modified":"2024-05-16T14:26:09","modified_gmt":"2024-05-16T14:26:09","slug":"rental","status":"publish","type":"page","link":"https:\/\/maquinariasmga.cl\/en\/rental\/","title":{"rendered":"Rental"},"content":{"rendered":"<div data-elementor-type=\"wp-page\" data-elementor-id=\"767\" class=\"elementor elementor-767\" data-elementor-post-type=\"page\">\n\t\t\t\t<div class=\"elementor-element elementor-element-6280d023 e-con-full e-flex e-con e-parent\" data-id=\"6280d023\" data-element_type=\"container\" data-e-type=\"container\" data-settings=\"{&quot;background_background&quot;:&quot;classic&quot;}\">\n\t\t\t\t<div class=\"elementor-element elementor-element-115253e0 animated-slow elementor-invisible elementor-widget elementor-widget-heading\" data-id=\"115253e0\" data-element_type=\"widget\" data-e-type=\"widget\" data-settings=\"{&quot;_animation&quot;:&quot;slideInUp&quot;}\" data-widget_type=\"heading.default\">\n\t\t\t\t<div class=\"elementor-widget-container\">\n\t\t\t\t\t<h2 class=\"elementor-heading-title elementor-size-default\">Rental of Machinery<\/h2>\t\t\t\t<\/div>\n\t\t\t\t<\/div>\n\t\t\t\t<div class=\"elementor-element elementor-element-73f90d5 animated-slow elementor-invisible elementor-widget elementor-widget-heading\" data-id=\"73f90d5\" data-element_type=\"widget\" data-e-type=\"widget\" data-settings=\"{&quot;_animation&quot;:&quot;slideInUp&quot;}\" data-widget_type=\"heading.default\">\n\t\t\t\t<div class=\"elementor-widget-container\">\n\t\t\t\t\t<h2 class=\"elementor-heading-title elementor-size-default\">Leasing Fleet<\/h2>\t\t\t\t<\/div>\n\t\t\t\t<\/div>\n\t\t<div class=\"elementor-element elementor-element-678d393f e-con-full e-flex e-con e-child\" data-id=\"678d393f\" data-element_type=\"container\" data-e-type=\"container\">\n\t\t<div class=\"elementor-element elementor-element-4348fcb e-con-full e-flex e-con e-child\" data-id=\"4348fcb\" data-element_type=\"container\" data-e-type=\"container\">\n\t\t\t\t<div class=\"elementor-element elementor-element-63b92c23 elementor-cta--valign-middle elementor-widget__width-inherit elementor-widget-tablet__width-inherit elementor-widget-mobile__width-inherit elementor-cta--skin-classic elementor-animated-content elementor-bg-transform elementor-bg-transform-zoom-in elementor-widget elementor-widget-call-to-action\" data-id=\"63b92c23\" data-element_type=\"widget\" data-e-type=\"widget\" data-widget_type=\"call-to-action.default\">\n\t\t\t\t<div class=\"elementor-widget-container\">\n\t\t\t\t\t\t\t<div class=\"elementor-cta\">\n\t\t\t\t\t<div class=\"elementor-cta__bg-wrapper\">\n\t\t\t\t<div class=\"elementor-cta__bg elementor-bg\" style=\"background-image: url(https:\/\/maquinariasmga.cl\/wp-content\/uploads\/2024\/02\/Perforacion-1024x576.jpg);\" role=\"img\" aria-label=\"Drilling Rental\"><\/div>\n\t\t\t\t<div class=\"elementor-cta__bg-overlay\"><\/div>\n\t\t\t<\/div>\n\t\t\t\t\t\t\t\t<\/div>\n\t\t\t\t\t\t<\/div>\n\t\t\t\t<\/div>\n\t\t<div class=\"elementor-element elementor-element-585a86b e-flex e-con-boxed e-con e-child\" data-id=\"585a86b\" data-element_type=\"container\" data-e-type=\"container\">\n\t\t\t\t\t<div class=\"e-con-inner\">\n\t\t\t\t<div class=\"elementor-element elementor-element-723438f2 elementor-widget elementor-widget-heading\" data-id=\"723438f2\" data-element_type=\"widget\" data-e-type=\"widget\" data-widget_type=\"heading.default\">\n\t\t\t\t<div class=\"elementor-widget-container\">\n\t\t\t\t\t<span class=\"elementor-heading-title elementor-size-default\">Drilling Equipment<\/span>\t\t\t\t<\/div>\n\t\t\t\t<\/div>\n\t\t\t\t<div class=\"elementor-element elementor-element-605dd361 elementor-widget elementor-widget-heading\" data-id=\"605dd361\" data-element_type=\"widget\" data-e-type=\"widget\" data-widget_type=\"heading.default\">\n\t\t\t\t<div class=\"elementor-widget-container\">\n\t\t\t\t\t<span class=\"elementor-heading-title elementor-size-default\">We have a wide variety of drilling equipment in which we highlight the radial drilling equipment. Subway Equipment<\/span>\t\t\t\t<\/div>\n\t\t\t\t<\/div>\n\t\t\t\t\t<\/div>\n\t\t\t\t<\/div>\n\t\t\t\t<div class=\"elementor-element elementor-element-110757b6 elementor-align-center elementor-widget elementor-widget-button\" data-id=\"110757b6\" data-element_type=\"widget\" data-e-type=\"widget\" data-widget_type=\"button.default\">\n\t\t\t\t<div class=\"elementor-widget-container\">\n\t\t\t\t\t\t\t\t\t<div class=\"elementor-button-wrapper\">\n\t\t\t\t\t<a class=\"elementor-button elementor-button-link elementor-size-md\" href=\"#\">\n\t\t\t\t\t\t<span class=\"elementor-button-content-wrapper\">\n\t\t\t\t\t\t\t\t\t<span class=\"elementor-button-text\">Portfolio<\/span>\n\t\t\t\t\t<\/span>\n\t\t\t\t\t<\/a>\n\t\t\t\t<\/div>\n\t\t\t\t\t\t\t\t<\/div>\n\t\t\t\t<\/div>\n\t\t\t\t<\/div>\n\t\t<div class=\"elementor-element elementor-element-7e2a7c9b e-con-full e-flex e-con e-child\" data-id=\"7e2a7c9b\" data-element_type=\"container\" data-e-type=\"container\">\n\t\t\t\t<div class=\"elementor-element elementor-element-3accbbf2 elementor-cta--valign-middle elementor-widget__width-inherit elementor-widget-tablet__width-inherit elementor-widget-mobile__width-inherit elementor-cta--skin-classic elementor-animated-content elementor-bg-transform elementor-bg-transform-zoom-in elementor-widget elementor-widget-call-to-action\" data-id=\"3accbbf2\" data-element_type=\"widget\" data-e-type=\"widget\" data-widget_type=\"call-to-action.default\">\n\t\t\t\t<div class=\"elementor-widget-container\">\n\t\t\t\t\t\t\t<div class=\"elementor-cta\">\n\t\t\t\t\t<div class=\"elementor-cta__bg-wrapper\">\n\t\t\t\t<div class=\"elementor-cta__bg elementor-bg\" style=\"background-image: url(https:\/\/maquinariasmga.cl\/wp-content\/uploads\/2024\/02\/Carguio-1024x492.jpg);\" role=\"img\" aria-label=\"Loading Equipment\"><\/div>\n\t\t\t\t<div class=\"elementor-cta__bg-overlay\"><\/div>\n\t\t\t<\/div>\n\t\t\t\t\t\t\t\t<\/div>\n\t\t\t\t\t\t<\/div>\n\t\t\t\t<\/div>\n\t\t<div class=\"elementor-element elementor-element-563eef6 e-flex e-con-boxed e-con e-child\" data-id=\"563eef6\" data-element_type=\"container\" data-e-type=\"container\">\n\t\t\t\t\t<div class=\"e-con-inner\">\n\t\t\t\t<div class=\"elementor-element elementor-element-230c6fa5 elementor-widget elementor-widget-heading\" data-id=\"230c6fa5\" data-element_type=\"widget\" data-e-type=\"widget\" data-widget_type=\"heading.default\">\n\t\t\t\t<div class=\"elementor-widget-container\">\n\t\t\t\t\t<span class=\"elementor-heading-title elementor-size-default\">Loading Equipment<\/span>\t\t\t\t<\/div>\n\t\t\t\t<\/div>\n\t\t\t\t<div class=\"elementor-element elementor-element-206c267 elementor-widget elementor-widget-heading\" data-id=\"206c267\" data-element_type=\"widget\" data-e-type=\"widget\" data-widget_type=\"heading.default\">\n\t\t\t\t<div class=\"elementor-widget-container\">\n\t\t\t\t\t<span class=\"elementor-heading-title elementor-size-default\">We have a wide variety of transportation and loading equipment for Underground Mining. Subway Equipment<\/span>\t\t\t\t<\/div>\n\t\t\t\t<\/div>\n\t\t\t\t<div class=\"elementor-element elementor-element-4507b3c6 elementor-align-center elementor-widget elementor-widget-button\" data-id=\"4507b3c6\" data-element_type=\"widget\" data-e-type=\"widget\" data-widget_type=\"button.default\">\n\t\t\t\t<div class=\"elementor-widget-container\">\n\t\t\t\t\t\t\t\t\t<div class=\"elementor-button-wrapper\">\n\t\t\t\t\t<a class=\"elementor-button elementor-button-link elementor-size-md\" href=\"#\">\n\t\t\t\t\t\t<span class=\"elementor-button-content-wrapper\">\n\t\t\t\t\t\t\t\t\t<span class=\"elementor-button-text\">Portfolio<\/span>\n\t\t\t\t\t<\/span>\n\t\t\t\t\t<\/a>\n\t\t\t\t<\/div>\n\t\t\t\t\t\t\t\t<\/div>\n\t\t\t\t<\/div>\n\t\t\t\t\t<\/div>\n\t\t\t\t<\/div>\n\t\t\t\t<\/div>\n\t\t\t\t<\/div>\n\t\t\t\t<\/div>\n\t\t<div class=\"elementor-element elementor-element-21f8d40b e-con-full e-flex e-con e-parent\" data-id=\"21f8d40b\" data-element_type=\"container\" data-e-type=\"container\" data-settings=\"{&quot;background_background&quot;:&quot;classic&quot;}\">\n\t\t<div class=\"elementor-element elementor-element-284e8f28 e-con-full e-flex e-con e-child\" data-id=\"284e8f28\" data-element_type=\"container\" data-e-type=\"container\" data-settings=\"{&quot;background_background&quot;:&quot;classic&quot;}\">\n\t\t\t\t<\/div>\n\t\t<div class=\"elementor-element elementor-element-75865796 e-con-full e-flex e-con e-child\" data-id=\"75865796\" data-element_type=\"container\" data-e-type=\"container\" data-settings=\"{&quot;background_background&quot;:&quot;classic&quot;}\">\n\t\t\t\t<div class=\"elementor-element elementor-element-141189c7 elementor-widget elementor-widget-heading\" data-id=\"141189c7\" data-element_type=\"widget\" data-e-type=\"widget\" data-widget_type=\"heading.default\">\n\t\t\t\t<div class=\"elementor-widget-container\">\n\t\t\t\t\t<h2 class=\"elementor-heading-title elementor-size-default\">Arriendo de maquinarias y equipos para la mineri\u0301a<\/h2>\t\t\t\t<\/div>\n\t\t\t\t<\/div>\n\t\t\t\t<div class=\"elementor-element elementor-element-5bd34a11 elementor-widget elementor-widget-heading\" data-id=\"5bd34a11\" data-element_type=\"widget\" data-e-type=\"widget\" data-widget_type=\"heading.default\">\n\t\t\t\t<div class=\"elementor-widget-container\">\n\t\t\t\t\t<h2 class=\"elementor-heading-title elementor-size-default\">Ponte en contacto con nosotros<\/h2>\t\t\t\t<\/div>\n\t\t\t\t<\/div>\n\t\t\t\t<div class=\"elementor-element elementor-element-4256e63b elementor-widget elementor-widget-text-editor\" data-id=\"4256e63b\" data-element_type=\"widget\" data-e-type=\"widget\" data-widget_type=\"text-editor.default\">\n\t\t\t\t<div class=\"elementor-widget-container\">\n\t\t\t\t\t\t\t\t\t<p>Contamos con la mayor flota de Equipos Rental en la Regi\u00f3n<\/p>\t\t\t\t\t\t\t\t<\/div>\n\t\t\t\t<\/div>\n\t\t\t\t<div class=\"elementor-element elementor-element-2e9e6b61 elementor-align-center elementor-widget elementor-widget-button\" data-id=\"2e9e6b61\" data-element_type=\"widget\" data-e-type=\"widget\" data-widget_type=\"button.default\">\n\t\t\t\t<div class=\"elementor-widget-container\">\n\t\t\t\t\t\t\t\t\t<div class=\"elementor-button-wrapper\">\n\t\t\t\t\t<a class=\"elementor-button elementor-button-link elementor-size-lg elementor-animation-grow\" href=\"https:\/\/desarrollatemas.com\/maquinariasmga\/contacto\/\">\n\t\t\t\t\t\t<span class=\"elementor-button-content-wrapper\">\n\t\t\t\t\t\t\t\t\t<span class=\"elementor-button-text\">Cont\u00e1ctanos&gt;<\/span>\n\t\t\t\t\t<\/span>\n\t\t\t\t\t<\/a>\n\t\t\t\t<\/div>\n\t\t\t\t\t\t\t\t<\/div>\n\t\t\t\t<\/div>\n\t\t\t\t<\/div>\n\t\t<div class=\"elementor-element elementor-element-745d4cab e-con-full e-flex e-con e-child\" data-id=\"745d4cab\" data-element_type=\"container\" data-e-type=\"container\" data-settings=\"{&quot;background_background&quot;:&quot;classic&quot;}\">\n\t\t\t\t<\/div>\n\t\t\t\t<\/div>\n\t\t\t\t<\/div>","protected":false},"excerpt":{"rendered":"<p>Rental de Maquinarias Flota de Arriendo Equipos de Perforaci\u00f3n Contamos con una amplia variedad en equipos de perforaci\u00f3n en las que nos destacamos los equipos de perforaci\u00f3n radial. Equipos Subterr\u00e1neos Portafolio Equipos de Cargu\u00edo Contamos con una amplia variedad en equipos de transporte y carga para la Miner\u00eda Subterr\u00e1nea. Equipos Subterraneos Portafolio Arriendo de maquinarias [&hellip;]<\/p>\n","protected":false},"author":1,"featured_media":0,"parent":0,"menu_order":0,"comment_status":"closed","ping_status":"closed","template":"elementor_header_footer","meta":{"footnotes":""},"class_list":["post-767","page","type-page","status-publish","hentry"],"yoast_head":"<!-- This site is optimized with the Yoast SEO plugin v27.4 - https:\/\/yoast.com\/product\/yoast-seo-wordpress\/ -->\n<title>Rental - Maquinarias MGA<\/title>\n<meta name=\"robots\" content=\"index, follow, max-snippet:-1, max-image-preview:large, max-video-preview:-1\" \/>\n<link rel=\"canonical\" href=\"https:\/\/maquinariasmga.cl\/en\/rental\/\" \/>\n<meta property=\"og:locale\" content=\"en_US\" \/>\n<meta property=\"og:type\" content=\"article\" \/>\n<meta property=\"og:title\" content=\"Rental - Maquinarias MGA\" \/>\n<meta property=\"og:description\" content=\"Rental de Maquinarias Flota de Arriendo Equipos de Perforaci\u00f3n Contamos con una amplia variedad en equipos de perforaci\u00f3n en las que nos destacamos los equipos de perforaci\u00f3n radial. Equipos Subterr\u00e1neos Portafolio Equipos de Cargu\u00edo Contamos con una amplia variedad en equipos de transporte y carga para la Miner\u00eda Subterr\u00e1nea. Equipos Subterraneos Portafolio Arriendo de maquinarias [&hellip;]\" \/>\n<meta property=\"og:url\" content=\"https:\/\/maquinariasmga.cl\/en\/rental\/\" \/>\n<meta property=\"og:site_name\" content=\"Maquinarias MGA\" \/>\n<meta property=\"article:modified_time\" content=\"2024-05-16T14:26:09+00:00\" \/>\n<meta name=\"twitter:card\" content=\"summary_large_image\" \/>\n<script type=\"application\/ld+json\" class=\"yoast-schema-graph\">{\"@context\":\"https:\\\/\\\/schema.org\",\"@graph\":[{\"@type\":\"WebPage\",\"@id\":\"https:\\\/\\\/maquinariasmga.cl\\\/rental\\\/\",\"url\":\"https:\\\/\\\/maquinariasmga.cl\\\/rental\\\/\",\"name\":\"Rental - Maquinarias MGA\",\"isPartOf\":{\"@id\":\"https:\\\/\\\/maquinariasmga.cl\\\/#website\"},\"datePublished\":\"2024-02-24T16:45:20+00:00\",\"dateModified\":\"2024-05-16T14:26:09+00:00\",\"breadcrumb\":{\"@id\":\"https:\\\/\\\/maquinariasmga.cl\\\/rental\\\/#breadcrumb\"},\"inLanguage\":\"en-US\",\"potentialAction\":[{\"@type\":\"ReadAction\",\"target\":[\"https:\\\/\\\/maquinariasmga.cl\\\/rental\\\/\"]}]},{\"@type\":\"BreadcrumbList\",\"@id\":\"https:\\\/\\\/maquinariasmga.cl\\\/rental\\\/#breadcrumb\",\"itemListElement\":[{\"@type\":\"ListItem\",\"position\":1,\"name\":\"Home\",\"item\":\"https:\\\/\\\/maquinariasmga.cl\\\/\"},{\"@type\":\"ListItem\",\"position\":2,\"name\":\"Rental\"}]},{\"@type\":\"WebSite\",\"@id\":\"https:\\\/\\\/maquinariasmga.cl\\\/#website\",\"url\":\"https:\\\/\\\/maquinariasmga.cl\\\/\",\"name\":\"Maquinarias MGA\",\"description\":\"L\u00edder en Rental de Equipos de Perforaci\u00f3n Subterr\u00e1nea\",\"publisher\":{\"@id\":\"https:\\\/\\\/maquinariasmga.cl\\\/#organization\"},\"alternateName\":\"Maquinarias y Equipos MGA\",\"potentialAction\":[{\"@type\":\"SearchAction\",\"target\":{\"@type\":\"EntryPoint\",\"urlTemplate\":\"https:\\\/\\\/maquinariasmga.cl\\\/?s={search_term_string}\"},\"query-input\":{\"@type\":\"PropertyValueSpecification\",\"valueRequired\":true,\"valueName\":\"search_term_string\"}}],\"inLanguage\":\"en-US\"},{\"@type\":\"Organization\",\"@id\":\"https:\\\/\\\/maquinariasmga.cl\\\/#organization\",\"name\":\"Maquinarias MGA\",\"alternateName\":\"Maquinarias y Equipos MGA\",\"url\":\"https:\\\/\\\/maquinariasmga.cl\\\/\",\"logo\":{\"@type\":\"ImageObject\",\"inLanguage\":\"en-US\",\"@id\":\"https:\\\/\\\/maquinariasmga.cl\\\/#\\\/schema\\\/logo\\\/image\\\/\",\"url\":\"https:\\\/\\\/maquinariasmga.cl\\\/wp-content\\\/uploads\\\/2023\\\/12\\\/LOGO-MGA-TRANSPARENTE.png\",\"contentUrl\":\"https:\\\/\\\/maquinariasmga.cl\\\/wp-content\\\/uploads\\\/2023\\\/12\\\/LOGO-MGA-TRANSPARENTE.png\",\"width\":1080,\"height\":1080,\"caption\":\"Maquinarias MGA\"},\"image\":{\"@id\":\"https:\\\/\\\/maquinariasmga.cl\\\/#\\\/schema\\\/logo\\\/image\\\/\"}}]}<\/script>\n<!-- \/ Yoast SEO plugin. -->","yoast_head_json":{"title":"Rental - Maquinarias MGA","robots":{"index":"index","follow":"follow","max-snippet":"max-snippet:-1","max-image-preview":"max-image-preview:large","max-video-preview":"max-video-preview:-1"},"canonical":"https:\/\/maquinariasmga.cl\/en\/rental\/","og_locale":"en_US","og_type":"article","og_title":"Rental - Maquinarias MGA","og_description":"Rental de Maquinarias Flota de Arriendo Equipos de Perforaci\u00f3n Contamos con una amplia variedad en equipos de perforaci\u00f3n en las que nos destacamos los equipos de perforaci\u00f3n radial. Equipos Subterr\u00e1neos Portafolio Equipos de Cargu\u00edo Contamos con una amplia variedad en equipos de transporte y carga para la Miner\u00eda Subterr\u00e1nea. Equipos Subterraneos Portafolio Arriendo de maquinarias [&hellip;]","og_url":"https:\/\/maquinariasmga.cl\/en\/rental\/","og_site_name":"Maquinarias MGA","article_modified_time":"2024-05-16T14:26:09+00:00","twitter_card":"summary_large_image","schema":{"@context":"https:\/\/schema.org","@graph":[{"@type":"WebPage","@id":"https:\/\/maquinariasmga.cl\/rental\/","url":"https:\/\/maquinariasmga.cl\/rental\/","name":"Rental - Maquinarias MGA","isPartOf":{"@id":"https:\/\/maquinariasmga.cl\/#website"},"datePublished":"2024-02-24T16:45:20+00:00","dateModified":"2024-05-16T14:26:09+00:00","breadcrumb":{"@id":"https:\/\/maquinariasmga.cl\/rental\/#breadcrumb"},"inLanguage":"en-US","potentialAction":[{"@type":"ReadAction","target":["https:\/\/maquinariasmga.cl\/rental\/"]}]},{"@type":"BreadcrumbList","@id":"https:\/\/maquinariasmga.cl\/rental\/#breadcrumb","itemListElement":[{"@type":"ListItem","position":1,"name":"Home","item":"https:\/\/maquinariasmga.cl\/"},{"@type":"ListItem","position":2,"name":"Rental"}]},{"@type":"WebSite","@id":"https:\/\/maquinariasmga.cl\/#website","url":"https:\/\/maquinariasmga.cl\/","name":"Maquinarias MGA","description":"L\u00edder en Rental de Equipos de Perforaci\u00f3n Subterr\u00e1nea","publisher":{"@id":"https:\/\/maquinariasmga.cl\/#organization"},"alternateName":"Maquinarias y Equipos MGA","potentialAction":[{"@type":"SearchAction","target":{"@type":"EntryPoint","urlTemplate":"https:\/\/maquinariasmga.cl\/?s={search_term_string}"},"query-input":{"@type":"PropertyValueSpecification","valueRequired":true,"valueName":"search_term_string"}}],"inLanguage":"en-US"},{"@type":"Organization","@id":"https:\/\/maquinariasmga.cl\/#organization","name":"Maquinarias MGA","alternateName":"Maquinarias y Equipos MGA","url":"https:\/\/maquinariasmga.cl\/","logo":{"@type":"ImageObject","inLanguage":"en-US","@id":"https:\/\/maquinariasmga.cl\/#\/schema\/logo\/image\/","url":"https:\/\/maquinariasmga.cl\/wp-content\/uploads\/2023\/12\/LOGO-MGA-TRANSPARENTE.png","contentUrl":"https:\/\/maquinariasmga.cl\/wp-content\/uploads\/2023\/12\/LOGO-MGA-TRANSPARENTE.png","width":1080,"height":1080,"caption":"Maquinarias MGA"},"image":{"@id":"https:\/\/maquinariasmga.cl\/#\/schema\/logo\/image\/"}}]}},"_links":{"self":[{"href":"https:\/\/maquinariasmga.cl\/en\/wp-json\/wp\/v2\/pages\/767","targetHints":{"allow":["GET"]}}],"collection":[{"href":"https:\/\/maquinariasmga.cl\/en\/wp-json\/wp\/v2\/pages"}],"about":[{"href":"https:\/\/maquinariasmga.cl\/en\/wp-json\/wp\/v2\/types\/page"}],"author":[{"embeddable":true,"href":"https:\/\/maquinariasmga.cl\/en\/wp-json\/wp\/v2\/users\/1"}],"replies":[{"embeddable":true,"href":"https:\/\/maquinariasmga.cl\/en\/wp-json\/wp\/v2\/comments?post=767"}],"version-history":[{"count":5,"href":"https:\/\/maquinariasmga.cl\/en\/wp-json\/wp\/v2\/pages\/767\/revisions"}],"predecessor-version":[{"id":1263,"href":"https:\/\/maquinariasmga.cl\/en\/wp-json\/wp\/v2\/pages\/767\/revisions\/1263"}],"wp:attachment":[{"href":"https:\/\/maquinariasmga.cl\/en\/wp-json\/wp\/v2\/media?parent=767"}],"curies":[{"name":"wp","href":"https:\/\/api.w.org\/{rel}","templated":true}]}}